{"id":20016,"date":"2025-10-10T09:03:53","date_gmt":"2025-10-10T07:03:53","guid":{"rendered":"https:\/\/asbhp.pl\/produkt\/t-shirt-meski-bono-painter\/"},"modified":"2025-10-10T09:17:26","modified_gmt":"2025-10-10T07:17:26","slug":"s-bialy","status":"publish","type":"product","link":"https:\/\/asbhp.pl\/?product=s-bialy","title":{"rendered":"S Bia\u0142y"},"content":{"rendered":"<p>\u2022<span style=\"white-space: pre;\"> <\/span>naturalna dzianina bawe\u0142niana<\/p>\n<p>\u2022<span style=\"white-space: pre;\"> <\/span>dzianina jedno\u0142o\u017cyskowa &#8211; single jersey<\/p>\n<p>\u2022<span style=\"white-space: pre;\"> <\/span>ciekawy nadruk z wypuk\u0142ym PUFF<\/p>\n<p>\u2022<span style=\"white-space: pre;\"> <\/span>klasyczny kr\u00f3j z kr\u00f3tkim r\u0119kawem<\/p>\n<p>\u2022<span style=\"white-space: pre;\"> <\/span>dost\u0119pna jako 7 wersja kolorystyczna<\/p>\n<\/p>\n<p><strong>sk\u0142ad:<\/strong><\/p>\n<p class=\"MsoNormal\" style=\"margin-left: 18.0pt;\"><o_p><\/o_p><\/p>\n<p class=\"MsoNormal\">100% bawe\u0142na<o_p><\/o_p><\/p>\n<p class=\"MsoNormal\">gramatura 150 g\/m\u00b2<o_p><\/o_p><\/p>\n","protected":false},"excerpt":{"rendered":"<p>\u2022 naturalna dzianina bawe\u0142niana \u2022 dzianina jedno\u0142o\u017cyskowa &#8211; single jersey \u2022 ciekawy nadruk z wypuk\u0142ym PUFF \u2022 klasyczny kr\u00f3j z kr\u00f3tkim r\u0119kawem \u2022 dost\u0119pna jako 7 wersja kolorystyczna sk\u0142ad: 100% bawe\u0142na gramatura 150 g\/m\u00b2<\/p>\n","protected":false},"featured_media":20349,"comment_status":"closed","ping_status":"open","template":"","meta":[],"product_brand":[416],"product_cat":[16],"product_tag":[],"class_list":{"0":"post-20016","1":"product","2":"type-product","3":"status-publish","4":"has-post-thumbnail","6":"product_brand-stalco","7":"product_cat-bez-kategorii","8":"pa_kolor-bialy","9":"pa_producent-stalco","10":"pa_rozmiar-2xl","11":"pa_rozmiar-3xl","12":"pa_rozmiar-l","13":"pa_rozmiar-m","14":"pa_rozmiar-s","15":"pa_rozmiar-xl","16":"pa_waga-0-168","17":"pa_waga-0-172","18":"pa_waga-0-19","19":"pa_waga-0-192","20":"pa_waga-0-204","21":"pa_waga-0-216","23":"first","24":"instock","25":"shipping-taxable","26":"purchasable","27":"product-type-variable","28":"has-default-attributes"},"_links":{"self":[{"href":"https:\/\/asbhp.pl\/index.php?rest_route=\/wp\/v2\/product\/20016","targetHints":{"allow":["GET"]}}],"collection":[{"href":"https:\/\/asbhp.pl\/index.php?rest_route=\/wp\/v2\/product"}],"about":[{"href":"https:\/\/asbhp.pl\/index.php?rest_route=\/wp\/v2\/types\/product"}],"replies":[{"embeddable":true,"href":"https:\/\/asbhp.pl\/index.php?rest_route=%2Fwp%2Fv2%2Fcomments&post=20016"}],"wp:featuredmedia":[{"embeddable":true,"href":"https:\/\/asbhp.pl\/index.php?rest_route=\/wp\/v2\/media\/20349"}],"wp:attachment":[{"href":"https:\/\/asbhp.pl\/index.php?rest_route=%2Fwp%2Fv2%2Fmedia&parent=20016"}],"wp:term":[{"taxonomy":"product_brand","embeddable":true,"href":"https:\/\/asbhp.pl\/index.php?rest_route=%2Fwp%2Fv2%2Fproduct_brand&post=20016"},{"taxonomy":"product_cat","embeddable":true,"href":"https:\/\/asbhp.pl\/index.php?rest_route=%2Fwp%2Fv2%2Fproduct_cat&post=20016"},{"taxonomy":"product_tag","embeddable":true,"href":"https:\/\/asbhp.pl\/index.php?rest_route=%2Fwp%2Fv2%2Fproduct_tag&post=20016"}],"curies":[{"name":"wp","href":"https:\/\/api.w.org\/{rel}","templated":true}]}}