{"id":20079,"date":"2025-10-10T09:05:47","date_gmt":"2025-10-10T07:05:47","guid":{"rendered":"https:\/\/asbhp.pl\/produkt\/bluza-meska-lucius-2\/"},"modified":"2025-10-10T09:05:49","modified_gmt":"2025-10-10T07:05:49","slug":"3xl-granatowy","status":"publish","type":"product","link":"https:\/\/asbhp.pl\/?product=3xl-granatowy","title":{"rendered":"3XL Granatowy"},"content":{"rendered":"<ul>\n<li>termoaktywna dzianina<\/li>\n<li>wzmocnienia softshellowe<\/li>\n<li>kaptur<\/li>\n<li>r\u0119kawy zako\u0144czone mankietem ze \u015bciagaczem<\/li>\n<li>odblaskowy nadruk<\/li>\n<li>zamek kryty z przodu<\/li>\n<li>listwa zabezpieczaj\u0105ca podbr\u00f3dek<\/li>\n<li>2 kieszenie na zamek w pasie<\/li>\n<li>1 kiesze\u0144 na piersi<\/li>\n<li>wyd\u0142u\u017cany ty\u0142<\/li>\n<\/ul>\n","protected":false},"excerpt":{"rendered":"<p>termoaktywna dzianina wzmocnienia softshellowe kaptur r\u0119kawy zako\u0144czone mankietem ze \u015bciagaczem odblaskowy nadruk zamek kryty z przodu listwa zabezpieczaj\u0105ca podbr\u00f3dek 2 kieszenie na zamek w pasie 1 kiesze\u0144 na piersi wyd\u0142u\u017cany ty\u0142<\/p>\n","protected":false},"featured_media":20827,"comment_status":"closed","ping_status":"open","template":"","meta":[],"product_brand":[483],"product_cat":[571,597,440],"product_tag":[],"class_list":{"0":"post-20079","1":"product","2":"type-product","3":"status-publish","4":"has-post-thumbnail","6":"product_brand-stalco-perfect","7":"product_cat-bluzy-robocze","8":"product_cat-bluzy-robocze-z-kapturem","9":"product_cat-odziez-robocza","10":"pa_kolor-granatowy","11":"pa_producent-stalco-perfect","12":"pa_rozmiar-3xl","13":"pa_waga-0-96","15":"first","16":"instock","17":"shipping-taxable","18":"purchasable","19":"product-type-simple"},"_links":{"self":[{"href":"https:\/\/asbhp.pl\/index.php?rest_route=\/wp\/v2\/product\/20079","targetHints":{"allow":["GET"]}}],"collection":[{"href":"https:\/\/asbhp.pl\/index.php?rest_route=\/wp\/v2\/product"}],"about":[{"href":"https:\/\/asbhp.pl\/index.php?rest_route=\/wp\/v2\/types\/product"}],"replies":[{"embeddable":true,"href":"https:\/\/asbhp.pl\/index.php?rest_route=%2Fwp%2Fv2%2Fcomments&post=20079"}],"wp:featuredmedia":[{"embeddable":true,"href":"https:\/\/asbhp.pl\/index.php?rest_route=\/wp\/v2\/media\/20827"}],"wp:attachment":[{"href":"https:\/\/asbhp.pl\/index.php?rest_route=%2Fwp%2Fv2%2Fmedia&parent=20079"}],"wp:term":[{"taxonomy":"product_brand","embeddable":true,"href":"https:\/\/asbhp.pl\/index.php?rest_route=%2Fwp%2Fv2%2Fproduct_brand&post=20079"},{"taxonomy":"product_cat","embeddable":true,"href":"https:\/\/asbhp.pl\/index.php?rest_route=%2Fwp%2Fv2%2Fproduct_cat&post=20079"},{"taxonomy":"product_tag","embeddable":true,"href":"https:\/\/asbhp.pl\/index.php?rest_route=%2Fwp%2Fv2%2Fproduct_tag&post=20079"}],"curies":[{"name":"wp","href":"https:\/\/api.w.org\/{rel}","templated":true}]}}