{"id":20082,"date":"2025-10-10T09:07:04","date_gmt":"2025-10-10T07:07:04","guid":{"rendered":"https:\/\/asbhp.pl\/produkt\/podkoszulek-bezszwowy-meski-wolverin\/"},"modified":"2025-10-10T09:07:36","modified_gmt":"2025-10-10T07:07:36","slug":"s-m","status":"publish","type":"product","link":"https:\/\/asbhp.pl\/?product=s-m","title":{"rendered":"S\/M"},"content":{"rendered":"<ul>\n<li style=\"box-sizing: border-box; padding: 0px; margin: 0px; list-style: disc;\">koszulka z d\u0142ugim r\u0119kawem<\/li>\n<li style=\"box-sizing: border-box; padding: 0px; margin: 0px; list-style: disc;\">dopasowany kr\u00f3j, ubi\u00f3r warstwowy<\/li>\n<li style=\"box-sizing: border-box; padding: 0px; margin: 0px; list-style: disc;\">w\u0142a\u015bciwo\u015bci termoaktywne<\/li>\n<li style=\"box-sizing: border-box; padding: 0px; margin: 0px; list-style: disc;\">dekolt okr\u0105g\u0142y<\/li>\n<li style=\"box-sizing: border-box; padding: 0px; margin: 0px; list-style: disc;\">szwy p\u0142askie, elastyczne, bez uciskowe<\/li>\n<li style=\"box-sizing: border-box; padding: 0px; margin: 0px; list-style: disc;\">szybkoschn\u0105ca<\/li>\n<\/ul>\n","protected":false},"excerpt":{"rendered":"<p>koszulka z d\u0142ugim r\u0119kawem dopasowany kr\u00f3j, ubi\u00f3r warstwowy w\u0142a\u015bciwo\u015bci termoaktywne dekolt okr\u0105g\u0142y szwy p\u0142askie, elastyczne, bez uciskowe szybkoschn\u0105ca<\/p>\n","protected":false},"featured_media":21321,"comment_status":"closed","ping_status":"open","template":"","meta":[],"product_brand":[483],"product_cat":[752,753,440],"product_tag":[],"class_list":{"0":"post-20082","1":"product","2":"type-product","3":"status-publish","4":"has-post-thumbnail","6":"product_brand-stalco-perfect","7":"product_cat-bielizna-i-skarpety","8":"product_cat-bielizna-termofunkcyjna-robocza","9":"product_cat-odziez-robocza","10":"pa_producent-stalco-perfect","11":"pa_rozmiar-2xl-3xl","12":"pa_rozmiar-m-l","13":"pa_rozmiar-s-m","14":"pa_waga-0-31","15":"pa_waga-0-36","16":"pa_waga-0-4","18":"first","19":"instock","20":"shipping-taxable","21":"purchasable","22":"product-type-variable","23":"has-default-attributes"},"_links":{"self":[{"href":"https:\/\/asbhp.pl\/index.php?rest_route=\/wp\/v2\/product\/20082","targetHints":{"allow":["GET"]}}],"collection":[{"href":"https:\/\/asbhp.pl\/index.php?rest_route=\/wp\/v2\/product"}],"about":[{"href":"https:\/\/asbhp.pl\/index.php?rest_route=\/wp\/v2\/types\/product"}],"replies":[{"embeddable":true,"href":"https:\/\/asbhp.pl\/index.php?rest_route=%2Fwp%2Fv2%2Fcomments&post=20082"}],"wp:featuredmedia":[{"embeddable":true,"href":"https:\/\/asbhp.pl\/index.php?rest_route=\/wp\/v2\/media\/21321"}],"wp:attachment":[{"href":"https:\/\/asbhp.pl\/index.php?rest_route=%2Fwp%2Fv2%2Fmedia&parent=20082"}],"wp:term":[{"taxonomy":"product_brand","embeddable":true,"href":"https:\/\/asbhp.pl\/index.php?rest_route=%2Fwp%2Fv2%2Fproduct_brand&post=20082"},{"taxonomy":"product_cat","embeddable":true,"href":"https:\/\/asbhp.pl\/index.php?rest_route=%2Fwp%2Fv2%2Fproduct_cat&post=20082"},{"taxonomy":"product_tag","embeddable":true,"href":"https:\/\/asbhp.pl\/index.php?rest_route=%2Fwp%2Fv2%2Fproduct_tag&post=20082"}],"curies":[{"name":"wp","href":"https:\/\/api.w.org\/{rel}","templated":true}]}}