{"id":20110,"date":"2025-10-10T09:09:31","date_gmt":"2025-10-10T07:09:31","guid":{"rendered":"https:\/\/asbhp.pl\/produkt\/polbut-olivier-s1ps\/"},"modified":"2025-10-10T09:10:01","modified_gmt":"2025-10-10T07:10:01","slug":"40-s1p","status":"publish","type":"product","link":"https:\/\/asbhp.pl\/?product=40-s1p","title":{"rendered":"40, S1P"},"content":{"rendered":"<ul>\n<li style=\"box-sizing: border-box; padding: 0px; margin: 0px; list-style: disc;\">Lekka konstrukcja<\/li>\n<li style=\"box-sizing: border-box; padding: 0px; margin: 0px; list-style: disc;\">Mi\u0119kka wy\u015bci\u00f3\u0142ka<\/li>\n<li style=\"box-sizing: border-box; padding: 0px; margin: 0px; list-style: disc;\">Wk\u0142adka kevlarowa<\/li>\n<li style=\"box-sizing: border-box; padding: 0px; margin: 0px; list-style: disc;\">Technologia Flyknit<\/li>\n<li style=\"box-sizing: border-box; padding: 0px; margin: 0px; list-style: disc;\">Elastyczna podeszwa<\/li>\n<li style=\"box-sizing: border-box; padding: 0px; margin: 0px; list-style: disc;\">Podnosek kompozytowy<\/li>\n<li style=\"box-sizing: border-box; padding: 0px; margin: 0px; list-style: disc;\">Nie zawiera metalowych element\u00f3w<\/li>\n<li style=\"box-sizing: border-box; padding: 0px; margin: 0px; list-style: disc;\">W\u0142a\u015bciwo\u015bci: antystatyczne, antypo\u015blizgowe, olejoodporne<\/li>\n<\/ul>\n","protected":false},"excerpt":{"rendered":"<p>Lekka konstrukcja Mi\u0119kka wy\u015bci\u00f3\u0142ka Wk\u0142adka kevlarowa Technologia Flyknit Elastyczna podeszwa Podnosek kompozytowy Nie zawiera metalowych element\u00f3w W\u0142a\u015bciwo\u015bci: antystatyczne, antypo\u015blizgowe, olejoodporne<\/p>\n","protected":false},"featured_media":22176,"comment_status":"closed","ping_status":"open","template":"","meta":[],"product_brand":[483],"product_cat":[21,46,792],"product_tag":[],"class_list":{"0":"post-20110","1":"product","2":"type-product","3":"status-publish","4":"has-post-thumbnail","6":"product_brand-stalco-perfect","7":"product_cat-obuwie-robocze","8":"product_cat-polbuty","9":"product_cat-polbuty-robocze","10":"pa_producent-stalco-perfect","11":"pa_rozmiar-40-s1p","12":"pa_rozmiar-41-s1p","13":"pa_rozmiar-42-s1p","14":"pa_rozmiar-43-s1p","15":"pa_rozmiar-44-s1p","16":"pa_rozmiar-45-s1p","17":"pa_rozmiar-46-s1p","18":"pa_rozmiar-47-s1p","19":"pa_rozmiar-48-s1p","20":"pa_waga-467","22":"first","23":"instock","24":"shipping-taxable","25":"purchasable","26":"product-type-variable","27":"has-default-attributes"},"_links":{"self":[{"href":"https:\/\/asbhp.pl\/index.php?rest_route=\/wp\/v2\/product\/20110","targetHints":{"allow":["GET"]}}],"collection":[{"href":"https:\/\/asbhp.pl\/index.php?rest_route=\/wp\/v2\/product"}],"about":[{"href":"https:\/\/asbhp.pl\/index.php?rest_route=\/wp\/v2\/types\/product"}],"replies":[{"embeddable":true,"href":"https:\/\/asbhp.pl\/index.php?rest_route=%2Fwp%2Fv2%2Fcomments&post=20110"}],"wp:featuredmedia":[{"embeddable":true,"href":"https:\/\/asbhp.pl\/index.php?rest_route=\/wp\/v2\/media\/22176"}],"wp:attachment":[{"href":"https:\/\/asbhp.pl\/index.php?rest_route=%2Fwp%2Fv2%2Fmedia&parent=20110"}],"wp:term":[{"taxonomy":"product_brand","embeddable":true,"href":"https:\/\/asbhp.pl\/index.php?rest_route=%2Fwp%2Fv2%2Fproduct_brand&post=20110"},{"taxonomy":"product_cat","embeddable":true,"href":"https:\/\/asbhp.pl\/index.php?rest_route=%2Fwp%2Fv2%2Fproduct_cat&post=20110"},{"taxonomy":"product_tag","embeddable":true,"href":"https:\/\/asbhp.pl\/index.php?rest_route=%2Fwp%2Fv2%2Fproduct_tag&post=20110"}],"curies":[{"name":"wp","href":"https:\/\/api.w.org\/{rel}","templated":true}]}}