{"id":20223,"date":"2025-10-10T09:04:32","date_gmt":"2025-10-10T07:04:32","guid":{"rendered":"https:\/\/asbhp.pl\/produkt\/spodnie-robocze-fast\/"},"modified":"2025-10-10T09:04:46","modified_gmt":"2025-10-10T07:04:46","slug":"xs-szary","status":"publish","type":"product","link":"https:\/\/asbhp.pl\/?product=xs-szary","title":{"rendered":"XS Szary"},"content":{"rendered":"<ul>\n<li>oddychaj\u0105cy materia\u0142 z bawe\u0142n\u0105<\/li>\n<li>klin w kroku<\/li>\n<li>potr\u00f3jne szwy<\/li>\n<li>anatomiczny kr\u00f3j kolan<\/li>\n<li>elementy odblaskowe<\/li>\n<li>elementy kontrastowe<\/li>\n<li>7 funkcjonalnych kieszeni<\/li>\n<li>gumka w pasie<\/li>\n<li>nabijany guzik metalowy<\/li>\n<li>uchwyt na klucze &#8211; p\u00f3\u0142kole z tworzywa<\/li>\n<li>miejsce na logowanie\u00a0<\/li>\n<li>CE Kategoria I<\/li>\n<li>EN ISO 13688<\/li>\n<\/ul>\n","protected":false},"excerpt":{"rendered":"<p>oddychaj\u0105cy materia\u0142 z bawe\u0142n\u0105 klin w kroku potr\u00f3jne szwy anatomiczny kr\u00f3j kolan elementy odblaskowe elementy kontrastowe 7 funkcjonalnych kieszeni gumka w pasie nabijany guzik metalowy uchwyt na klucze &#8211; p\u00f3\u0142kole z tworzywa miejsce na logowanie\u00a0 CE Kategoria I EN ISO 13688<\/p>\n","protected":false},"featured_media":20489,"comment_status":"closed","ping_status":"open","template":"","meta":[],"product_brand":[416],"product_cat":[440,442],"product_tag":[],"class_list":{"0":"post-20223","1":"product","2":"type-product","3":"status-publish","4":"has-post-thumbnail","6":"product_brand-stalco","7":"product_cat-odziez-robocza","8":"product_cat-spodnie-robocze","9":"pa_kolor-szary","10":"pa_producent-stalco","11":"pa_rozmiar-2xl","12":"pa_rozmiar-3xl","13":"pa_rozmiar-4xl","14":"pa_rozmiar-5xl","15":"pa_rozmiar-l","16":"pa_rozmiar-m","17":"pa_rozmiar-s","18":"pa_rozmiar-xl","19":"pa_rozmiar-xs","20":"pa_waga-0-8","22":"first","23":"instock","24":"shipping-taxable","25":"purchasable","26":"product-type-variable","27":"has-default-attributes"},"_links":{"self":[{"href":"https:\/\/asbhp.pl\/index.php?rest_route=\/wp\/v2\/product\/20223","targetHints":{"allow":["GET"]}}],"collection":[{"href":"https:\/\/asbhp.pl\/index.php?rest_route=\/wp\/v2\/product"}],"about":[{"href":"https:\/\/asbhp.pl\/index.php?rest_route=\/wp\/v2\/types\/product"}],"replies":[{"embeddable":true,"href":"https:\/\/asbhp.pl\/index.php?rest_route=%2Fwp%2Fv2%2Fcomments&post=20223"}],"wp:featuredmedia":[{"embeddable":true,"href":"https:\/\/asbhp.pl\/index.php?rest_route=\/wp\/v2\/media\/20489"}],"wp:attachment":[{"href":"https:\/\/asbhp.pl\/index.php?rest_route=%2Fwp%2Fv2%2Fmedia&parent=20223"}],"wp:term":[{"taxonomy":"product_brand","embeddable":true,"href":"https:\/\/asbhp.pl\/index.php?rest_route=%2Fwp%2Fv2%2Fproduct_brand&post=20223"},{"taxonomy":"product_cat","embeddable":true,"href":"https:\/\/asbhp.pl\/index.php?rest_route=%2Fwp%2Fv2%2Fproduct_cat&post=20223"},{"taxonomy":"product_tag","embeddable":true,"href":"https:\/\/asbhp.pl\/index.php?rest_route=%2Fwp%2Fv2%2Fproduct_tag&post=20223"}],"curies":[{"name":"wp","href":"https:\/\/api.w.org\/{rel}","templated":true}]}}