{"id":20241,"date":"2025-10-10T09:06:32","date_gmt":"2025-10-10T07:06:32","guid":{"rendered":"https:\/\/asbhp.pl\/produkt\/kurtka-meska-artur\/"},"modified":"2025-10-10T09:06:39","modified_gmt":"2025-10-10T07:06:39","slug":"s-czarny-12","status":"publish","type":"product","link":"https:\/\/asbhp.pl\/?product=s-czarny-12","title":{"rendered":"S Czarny"},"content":{"rendered":"<ul>\n<li>pikowana kurtka poliamidowa<\/li>\n<li>puch syntetyczny<\/li>\n<li>termoizolacja<\/li>\n<li>elastyczne lam\u00f3wki w pasie i r\u0119kawach<\/li>\n<li>st\u00f3jka<\/li>\n<li>listwa zabezpieczaj\u0105ca podbr\u00f3dek<\/li>\n<li>rewersowy zamek YKK z przodu<\/li>\n<li>2 kieszenie w pasie na zamek YKK<\/li>\n<li>opcja logowania: haft i naszywki<\/li>\n<li>dost\u0119pna w 2 wariantach kolorystycznych \u2013 granat i czer\u0144<\/li>\n<li>Cat. I, EN ISO 13688<\/li>\n<\/ul>\n","protected":false},"excerpt":{"rendered":"<p>pikowana kurtka poliamidowa puch syntetyczny termoizolacja elastyczne lam\u00f3wki w pasie i r\u0119kawach st\u00f3jka listwa zabezpieczaj\u0105ca podbr\u00f3dek rewersowy zamek YKK z przodu 2 kieszenie w pasie na zamek YKK opcja logowania: haft i naszywki dost\u0119pna w 2 wariantach kolorystycznych \u2013 granat i czer\u0144 Cat. I, EN ISO 13688<\/p>\n","protected":false},"featured_media":21057,"comment_status":"closed","ping_status":"open","template":"","meta":[],"product_brand":[416],"product_cat":[712,440],"product_tag":[],"class_list":{"0":"post-20241","1":"product","2":"type-product","3":"status-publish","4":"has-post-thumbnail","6":"product_brand-stalco","7":"product_cat-kurtki-przejsciowe","8":"product_cat-odziez-robocza","9":"pa_kolor-czarny","10":"pa_kolor-granatowy","11":"pa_producent-stalco","12":"pa_rozmiar-2xl","13":"pa_rozmiar-3xl","14":"pa_rozmiar-4xl","15":"pa_rozmiar-l","16":"pa_rozmiar-m","17":"pa_rozmiar-s","18":"pa_rozmiar-xl","19":"pa_waga-0-41","20":"pa_waga-0-42","21":"pa_waga-0-43","22":"pa_waga-0-44","23":"pa_waga-0-46","24":"pa_waga-0-48","25":"pa_waga-0-49","26":"pa_waga-0-5","27":"pa_waga-0-53","28":"pa_waga-0-55","30":"first","31":"instock","32":"shipping-taxable","33":"purchasable","34":"product-type-variable","35":"has-default-attributes"},"_links":{"self":[{"href":"https:\/\/asbhp.pl\/index.php?rest_route=\/wp\/v2\/product\/20241","targetHints":{"allow":["GET"]}}],"collection":[{"href":"https:\/\/asbhp.pl\/index.php?rest_route=\/wp\/v2\/product"}],"about":[{"href":"https:\/\/asbhp.pl\/index.php?rest_route=\/wp\/v2\/types\/product"}],"replies":[{"embeddable":true,"href":"https:\/\/asbhp.pl\/index.php?rest_route=%2Fwp%2Fv2%2Fcomments&post=20241"}],"wp:featuredmedia":[{"embeddable":true,"href":"https:\/\/asbhp.pl\/index.php?rest_route=\/wp\/v2\/media\/21057"}],"wp:attachment":[{"href":"https:\/\/asbhp.pl\/index.php?rest_route=%2Fwp%2Fv2%2Fmedia&parent=20241"}],"wp:term":[{"taxonomy":"product_brand","embeddable":true,"href":"https:\/\/asbhp.pl\/index.php?rest_route=%2Fwp%2Fv2%2Fproduct_brand&post=20241"},{"taxonomy":"product_cat","embeddable":true,"href":"https:\/\/asbhp.pl\/index.php?rest_route=%2Fwp%2Fv2%2Fproduct_cat&post=20241"},{"taxonomy":"product_tag","embeddable":true,"href":"https:\/\/asbhp.pl\/index.php?rest_route=%2Fwp%2Fv2%2Fproduct_tag&post=20241"}],"curies":[{"name":"wp","href":"https:\/\/api.w.org\/{rel}","templated":true}]}}