{"id":20258,"date":"2025-10-10T09:07:19","date_gmt":"2025-10-10T07:07:19","guid":{"rendered":"https:\/\/asbhp.pl\/produkt\/czapka-zimowa-z-latarka-ray-fluo\/"},"modified":"2025-10-11T16:50:33","modified_gmt":"2025-10-11T14:50:33","slug":"pomaranczowy","status":"publish","type":"product","link":"https:\/\/asbhp.pl\/?product=pomaranczowy","title":{"rendered":"Czapka odblaskowa FLUO &#8211; Pomara\u0144czowy"},"content":{"rendered":"<ul>\n<li>odblaskowa z latark\u0105<\/li>\n<li>dost\u0119pne 2 kolory \u2013 neonowy \u017c\u00f3\u0142ty i neonowy pomara\u0144czowy<\/li>\n<li>gruby, 2 cm pas odblaskowy<\/li>\n<li>latarka LED \u2013 4 tryby \u015bwiecenia: 100%, 75%, 50% i pulsuj\u0105ce<\/li>\n<li>jasno\u015b\u0107 120 lm<\/li>\n<li>\u0142adowanie USB 2.0<\/li>\n<li>pojemno\u015b\u0107 baterii &#8211;\u00a0 250 mAh<\/li>\n<li>rozmiar uniwersalny 54-62<\/li>\n<li>kategoria I\u00a0 EN ISO 13688<\/li>\n<\/ul>\n","protected":false},"excerpt":{"rendered":"<p>odblaskowa z latark\u0105 dost\u0119pne 2 kolory \u2013 neonowy \u017c\u00f3\u0142ty i neonowy pomara\u0144czowy gruby, 2 cm pas odblaskowy latarka LED \u2013 4 tryby \u015bwiecenia: 100%, 75%, 50% i pulsuj\u0105ce jasno\u015b\u0107 120 lm \u0142adowanie USB 2.0 pojemno\u015b\u0107 baterii &#8211;\u00a0 250 mAh rozmiar uniwersalny 54-62 kategoria I\u00a0 EN ISO 13688<\/p>\n","protected":false},"featured_media":21414,"comment_status":"closed","ping_status":"closed","template":"","meta":[],"product_brand":[416],"product_cat":[798,440],"product_tag":[],"class_list":{"0":"post-20258","1":"product","2":"type-product","3":"status-publish","4":"has-post-thumbnail","6":"product_brand-stalco","7":"product_cat-czapki-z-lampka","8":"product_cat-odziez-robocza","9":"pa_producent-stalco","10":"pa_waga-0-126","12":"first","13":"instock","14":"shipping-taxable","15":"purchasable","16":"product-type-simple"},"_links":{"self":[{"href":"https:\/\/asbhp.pl\/index.php?rest_route=\/wp\/v2\/product\/20258","targetHints":{"allow":["GET"]}}],"collection":[{"href":"https:\/\/asbhp.pl\/index.php?rest_route=\/wp\/v2\/product"}],"about":[{"href":"https:\/\/asbhp.pl\/index.php?rest_route=\/wp\/v2\/types\/product"}],"replies":[{"embeddable":true,"href":"https:\/\/asbhp.pl\/index.php?rest_route=%2Fwp%2Fv2%2Fcomments&post=20258"}],"wp:featuredmedia":[{"embeddable":true,"href":"https:\/\/asbhp.pl\/index.php?rest_route=\/wp\/v2\/media\/21414"}],"wp:attachment":[{"href":"https:\/\/asbhp.pl\/index.php?rest_route=%2Fwp%2Fv2%2Fmedia&parent=20258"}],"wp:term":[{"taxonomy":"product_brand","embeddable":true,"href":"https:\/\/asbhp.pl\/index.php?rest_route=%2Fwp%2Fv2%2Fproduct_brand&post=20258"},{"taxonomy":"product_cat","embeddable":true,"href":"https:\/\/asbhp.pl\/index.php?rest_route=%2Fwp%2Fv2%2Fproduct_cat&post=20258"},{"taxonomy":"product_tag","embeddable":true,"href":"https:\/\/asbhp.pl\/index.php?rest_route=%2Fwp%2Fv2%2Fproduct_tag&post=20258"}],"curies":[{"name":"wp","href":"https:\/\/api.w.org\/{rel}","templated":true}]}}