{"id":20262,"date":"2025-10-10T09:07:19","date_gmt":"2025-10-10T07:07:19","guid":{"rendered":"https:\/\/asbhp.pl\/produkt\/czapka-zimowa-z-latarka-2-rays\/"},"modified":"2025-10-10T09:07:33","modified_gmt":"2025-10-10T07:07:33","slug":"one-size-czarny-4","status":"publish","type":"product","link":"https:\/\/asbhp.pl\/?product=one-size-czarny-4","title":{"rendered":"ONE SIZE Czarny"},"content":{"rendered":"<ul>\n<li><span style=\"font-weight: bold;\">czapka z 2 latarkami<\/span>:\u00a0\u00a0<span style=\"font-weight: bold;\">z przodu<\/span>\u00a0(\u015bwiat\u0142o bia\u0142e)\u00a0 \u00a0<span style=\"font-weight: bold;\">z ty\u0142u<\/span>\u00a0(\u015bwiat\u0142o czerwone)<\/li>\n<li>latarki LED \u2013 4 tryby \u015bwiecenia: 100%, 75%, 50% i pulsuj\u0105ce<\/li>\n<li>jasno\u015b\u0107 120 lm<\/li>\n<li>\u0142adowanie USB 2.0<\/li>\n<li>pojemno\u015b\u0107 baterii &#8211;\u00a0 250 mAh<\/li>\n<li>rozmiar uniwersalny 54-62<\/li>\n<li>kolor czarny, sk\u0142ad 100% akryl<\/li>\n<\/ul>\n","protected":false},"excerpt":{"rendered":"<p>czapka z 2 latarkami:\u00a0\u00a0z przodu\u00a0(\u015bwiat\u0142o bia\u0142e)\u00a0 \u00a0z ty\u0142u\u00a0(\u015bwiat\u0142o czerwone) latarki LED \u2013 4 tryby \u015bwiecenia: 100%, 75%, 50% i pulsuj\u0105ce jasno\u015b\u0107 120 lm \u0142adowanie USB 2.0 pojemno\u015b\u0107 baterii &#8211;\u00a0 250 mAh rozmiar uniwersalny 54-62 kolor czarny, sk\u0142ad 100% akryl<\/p>\n","protected":false},"featured_media":21417,"comment_status":"closed","ping_status":"open","template":"","meta":[],"product_brand":[416],"product_cat":[798,440],"product_tag":[],"class_list":{"0":"post-20262","1":"product","2":"type-product","3":"status-publish","4":"has-post-thumbnail","6":"product_brand-stalco","7":"product_cat-czapki-z-lampka","8":"product_cat-odziez-robocza","9":"pa_kolor-czarny","10":"pa_producent-stalco","11":"pa_rozmiar-one-size","12":"pa_waga-0-144","14":"first","15":"instock","16":"shipping-taxable","17":"purchasable","18":"product-type-simple"},"_links":{"self":[{"href":"https:\/\/asbhp.pl\/index.php?rest_route=\/wp\/v2\/product\/20262","targetHints":{"allow":["GET"]}}],"collection":[{"href":"https:\/\/asbhp.pl\/index.php?rest_route=\/wp\/v2\/product"}],"about":[{"href":"https:\/\/asbhp.pl\/index.php?rest_route=\/wp\/v2\/types\/product"}],"replies":[{"embeddable":true,"href":"https:\/\/asbhp.pl\/index.php?rest_route=%2Fwp%2Fv2%2Fcomments&post=20262"}],"wp:featuredmedia":[{"embeddable":true,"href":"https:\/\/asbhp.pl\/index.php?rest_route=\/wp\/v2\/media\/21417"}],"wp:attachment":[{"href":"https:\/\/asbhp.pl\/index.php?rest_route=%2Fwp%2Fv2%2Fmedia&parent=20262"}],"wp:term":[{"taxonomy":"product_brand","embeddable":true,"href":"https:\/\/asbhp.pl\/index.php?rest_route=%2Fwp%2Fv2%2Fproduct_brand&post=20262"},{"taxonomy":"product_cat","embeddable":true,"href":"https:\/\/asbhp.pl\/index.php?rest_route=%2Fwp%2Fv2%2Fproduct_cat&post=20262"},{"taxonomy":"product_tag","embeddable":true,"href":"https:\/\/asbhp.pl\/index.php?rest_route=%2Fwp%2Fv2%2Fproduct_tag&post=20262"}],"curies":[{"name":"wp","href":"https:\/\/api.w.org\/{rel}","templated":true}]}}