{"id":20265,"date":"2025-10-10T09:10:55","date_gmt":"2025-10-10T07:10:55","guid":{"rendered":"https:\/\/asbhp.pl\/produkt\/trzewik-skorzany-stalker-s3s\/"},"modified":"2025-10-10T09:11:39","modified_gmt":"2025-10-10T07:11:39","slug":"40-24","status":"publish","type":"product","link":"https:\/\/asbhp.pl\/?product=40-24","title":{"rendered":"40"},"content":{"rendered":"<ul>\n<li>Sk\u00f3ra crazy horse<\/li>\n<li>Materia\u0142 OXFORD<\/li>\n<li>Wk\u0142adka z pianki EVA<\/li>\n<li>Podeszwa PU i guma<\/li>\n<li>W\u0142a\u015bciwo\u015bci antypo\u015blizgowe<\/li>\n<li>W\u0142a\u015bciwo\u015bci olejoodporne<\/li>\n<li>W\u0142a\u015bciwo\u015bci HRO<\/li>\n<li>System Anti- shock<\/li>\n<li>Zabudowana pi\u0119ta<\/li>\n<li>Gumowe wstawki TPU<\/li>\n<li>Innowacyjny system wi\u0105zania<\/li>\n<li>Wk\u0142adka niemetalowa<\/li>\n<li>Podnosek kompozytowy<\/li>\n<li>Podwy\u017cszona wodoodporno\u015b\u0107\u00a0<\/li>\n<li>Element odblaskowy\u00a0<\/li>\n<\/ul>\n","protected":false},"excerpt":{"rendered":"<p>Sk\u00f3ra crazy horse Materia\u0142 OXFORD Wk\u0142adka z pianki EVA Podeszwa PU i guma W\u0142a\u015bciwo\u015bci antypo\u015blizgowe W\u0142a\u015bciwo\u015bci olejoodporne W\u0142a\u015bciwo\u015bci HRO System Anti- shock Zabudowana pi\u0119ta Gumowe wstawki TPU Innowacyjny system wi\u0105zania Wk\u0142adka niemetalowa Podnosek kompozytowy Podwy\u017cszona wodoodporno\u015b\u0107\u00a0 Element odblaskowy\u00a0<\/p>\n","protected":false},"featured_media":22944,"comment_status":"closed","ping_status":"open","template":"","meta":[],"product_brand":[483],"product_cat":[21,840],"product_tag":[],"class_list":{"0":"post-20265","1":"product","2":"type-product","3":"status-publish","4":"has-post-thumbnail","6":"product_brand-stalco-perfect","7":"product_cat-obuwie-robocze","8":"product_cat-trzewiki","9":"pa_producent-stalco-perfect","10":"pa_rozmiar-206","11":"pa_rozmiar-207","12":"pa_rozmiar-208","13":"pa_rozmiar-209","14":"pa_rozmiar-161","15":"pa_rozmiar-210","16":"pa_rozmiar-162","17":"pa_rozmiar-211","18":"pa_waga-1-7","19":"pa_waga-1-74","20":"pa_waga-1-8","21":"pa_waga-1-9","22":"pa_waga-1-92","23":"pa_waga-870","24":"pa_waga-2-05","25":"pa_waga-2-11","27":"first","28":"instock","29":"shipping-taxable","30":"purchasable","31":"product-type-variable","32":"has-default-attributes"},"_links":{"self":[{"href":"https:\/\/asbhp.pl\/index.php?rest_route=\/wp\/v2\/product\/20265","targetHints":{"allow":["GET"]}}],"collection":[{"href":"https:\/\/asbhp.pl\/index.php?rest_route=\/wp\/v2\/product"}],"about":[{"href":"https:\/\/asbhp.pl\/index.php?rest_route=\/wp\/v2\/types\/product"}],"replies":[{"embeddable":true,"href":"https:\/\/asbhp.pl\/index.php?rest_route=%2Fwp%2Fv2%2Fcomments&post=20265"}],"wp:featuredmedia":[{"embeddable":true,"href":"https:\/\/asbhp.pl\/index.php?rest_route=\/wp\/v2\/media\/22944"}],"wp:attachment":[{"href":"https:\/\/asbhp.pl\/index.php?rest_route=%2Fwp%2Fv2%2Fmedia&parent=20265"}],"wp:term":[{"taxonomy":"product_brand","embeddable":true,"href":"https:\/\/asbhp.pl\/index.php?rest_route=%2Fwp%2Fv2%2Fproduct_brand&post=20265"},{"taxonomy":"product_cat","embeddable":true,"href":"https:\/\/asbhp.pl\/index.php?rest_route=%2Fwp%2Fv2%2Fproduct_cat&post=20265"},{"taxonomy":"product_tag","embeddable":true,"href":"https:\/\/asbhp.pl\/index.php?rest_route=%2Fwp%2Fv2%2Fproduct_tag&post=20265"}],"curies":[{"name":"wp","href":"https:\/\/api.w.org\/{rel}","templated":true}]}}