{"id":20269,"date":"2025-10-10T09:16:21","date_gmt":"2025-10-10T07:16:21","guid":{"rendered":"https:\/\/asbhp.pl\/produkt\/kurtka-ocieplana-ostrzegawcza-meska-bomber-3in1\/"},"modified":"2025-10-10T09:16:29","modified_gmt":"2025-10-10T07:16:29","slug":"s-pomaranczowy","status":"publish","type":"product","link":"https:\/\/asbhp.pl\/?product=s-pomaranczowy","title":{"rendered":"S Pomara\u0144czowy"},"content":{"rendered":"<ul>\n<li style=\"box-sizing: border-box; padding: 0px; margin: 0px; list-style: disc;\">materia\u0142 poliestrowy OXFORD 300D z PU<\/li>\n<li style=\"box-sizing: border-box; padding: 0px; margin: 0px; list-style: disc;\">odpinany ko\u0142nierz, podpinka z futerka, kaptur i r\u0119kawy<\/li>\n<li style=\"box-sizing: border-box; padding: 0px; margin: 0px; list-style: disc;\">odpinany, chowany kaptur<\/li>\n<li style=\"box-sizing: border-box; padding: 0px; margin: 0px; list-style: disc;\">elementy odblaskowe &#8211; naszywane\u00a0<\/li>\n<li style=\"box-sizing: border-box; padding: 0px; margin: 0px; list-style: disc;\">ta\u015bmy 5cm<\/li>\n<li style=\"box-sizing: border-box; padding: 0px; margin: 0px; list-style: disc;\">4 masywne, kostkowe zamki<\/li>\n<li style=\"box-sizing: border-box; padding: 0px; margin: 0px; list-style: disc;\">4 zamki strunowe<\/li>\n<li style=\"box-sizing: border-box; padding: 0px; margin: 0px; list-style: disc;\">listwa zabezpieczaj\u0105ca podbr\u00f3dek<\/li>\n<li style=\"box-sizing: border-box; padding: 0px; margin: 0px; list-style: disc;\">listwa zabezpieczaj\u0105ca zamek<\/li>\n<li style=\"box-sizing: border-box; padding: 0px; margin: 0px; list-style: disc;\">8 wielofunkcyjnych kieszeni zewn\u0119rznych<\/li>\n<li style=\"box-sizing: border-box; padding: 0px; margin: 0px; list-style: disc;\">2 kieszenie wewn\u0105trz<\/li>\n<li style=\"box-sizing: border-box; padding: 0px; margin: 0px; list-style: disc;\">d\u00f3\u0142 i r\u0119kawy wyko\u0144czone \u015bci\u0105gaczem<\/li>\n<li style=\"box-sizing: border-box; padding: 0px; margin: 0px; list-style: disc;\">liczba pra\u0144 MAX 25x<\/li>\n<\/ul>\n","protected":false},"excerpt":{"rendered":"<p>materia\u0142 poliestrowy OXFORD 300D z PU odpinany ko\u0142nierz, podpinka z futerka, kaptur i r\u0119kawy odpinany, chowany kaptur elementy odblaskowe &#8211; naszywane\u00a0 ta\u015bmy 5cm 4 masywne, kostkowe zamki 4 zamki strunowe listwa zabezpieczaj\u0105ca podbr\u00f3dek listwa zabezpieczaj\u0105ca zamek 8 wielofunkcyjnych kieszeni zewn\u0119rznych 2 kieszenie wewn\u0105trz d\u00f3\u0142 i r\u0119kawy wyko\u0144czone \u015bci\u0105gaczem liczba pra\u0144 MAX 25x<\/p>\n","protected":false},"featured_media":24791,"comment_status":"closed","ping_status":"open","template":"","meta":[],"product_brand":[416],"product_cat":[1047,440],"product_tag":[],"class_list":{"0":"post-20269","1":"product","2":"type-product","3":"status-publish","4":"has-post-thumbnail","6":"product_brand-stalco","7":"product_cat-kurtki-odblaskowe-ocieplane","8":"product_cat-odziez-robocza","9":"pa_kolor-pomaranczowy","10":"pa_kolor-zolty","11":"pa_producent-stalco","12":"pa_rozmiar-2xl","13":"pa_rozmiar-3xl","14":"pa_rozmiar-4xl","15":"pa_rozmiar-5xl","16":"pa_rozmiar-l","17":"pa_rozmiar-m","18":"pa_rozmiar-s","19":"pa_rozmiar-xl","20":"pa_waga-1-4","21":"pa_waga-1-47","22":"pa_waga-1-5","23":"pa_waga-1-54","24":"pa_waga-1-58","25":"pa_waga-1-6","26":"pa_waga-1-67","27":"pa_waga-1-7","28":"pa_waga-1-8","30":"first","31":"instock","32":"shipping-taxable","33":"purchasable","34":"product-type-variable","35":"has-default-attributes"},"_links":{"self":[{"href":"https:\/\/asbhp.pl\/index.php?rest_route=\/wp\/v2\/product\/20269","targetHints":{"allow":["GET"]}}],"collection":[{"href":"https:\/\/asbhp.pl\/index.php?rest_route=\/wp\/v2\/product"}],"about":[{"href":"https:\/\/asbhp.pl\/index.php?rest_route=\/wp\/v2\/types\/product"}],"replies":[{"embeddable":true,"href":"https:\/\/asbhp.pl\/index.php?rest_route=%2Fwp%2Fv2%2Fcomments&post=20269"}],"wp:featuredmedia":[{"embeddable":true,"href":"https:\/\/asbhp.pl\/index.php?rest_route=\/wp\/v2\/media\/24791"}],"wp:attachment":[{"href":"https:\/\/asbhp.pl\/index.php?rest_route=%2Fwp%2Fv2%2Fmedia&parent=20269"}],"wp:term":[{"taxonomy":"product_brand","embeddable":true,"href":"https:\/\/asbhp.pl\/index.php?rest_route=%2Fwp%2Fv2%2Fproduct_brand&post=20269"},{"taxonomy":"product_cat","embeddable":true,"href":"https:\/\/asbhp.pl\/index.php?rest_route=%2Fwp%2Fv2%2Fproduct_cat&post=20269"},{"taxonomy":"product_tag","embeddable":true,"href":"https:\/\/asbhp.pl\/index.php?rest_route=%2Fwp%2Fv2%2Fproduct_tag&post=20269"}],"curies":[{"name":"wp","href":"https:\/\/api.w.org\/{rel}","templated":true}]}}