{"id":20289,"date":"2025-10-10T09:11:39","date_gmt":"2025-10-10T07:11:39","guid":{"rendered":"https:\/\/asbhp.pl\/produkt\/sniegowce-snower\/"},"modified":"2025-10-10T09:12:21","modified_gmt":"2025-10-10T07:12:21","slug":"40-29","status":"publish","type":"product","link":"https:\/\/asbhp.pl\/?product=40-29","title":{"rendered":"40"},"content":{"rendered":"<ul>\n<li><span style=\"font-weight: bold;\">Super lekkie<\/span>\u00a0\u2014 dzi\u0119ki niewielkiej wadze obuwia, zmniejsza si\u0119 zm\u0119czenie st\u00f3p podczas d\u0142ugotrwa\u0142ego u\u017cytkowania.\u00a0\u00a0<\/li>\n<li><span style=\"font-weight: bold;\">Zamsz syntetyczny\u00a0<\/span>\u2014 posiada mi\u0119kk\u0105 tekstur\u0119 i\u00a0 trwa\u0142o\u015b\u0107.<\/li>\n<li><span style=\"font-weight: bold;\">TPR<\/span>\u00a0\u2014 tworzywo charakteryzuje si\u0119 niezwyk\u0142\u0105 odporno\u015bci\u0105 i wytrzyma\u0142o\u015bci\u0105.<\/li>\n<\/ul>\n","protected":false},"excerpt":{"rendered":"<p>Super lekkie\u00a0\u2014 dzi\u0119ki niewielkiej wadze obuwia, zmniejsza si\u0119 zm\u0119czenie st\u00f3p podczas d\u0142ugotrwa\u0142ego u\u017cytkowania.\u00a0\u00a0 Zamsz syntetyczny\u00a0\u2014 posiada mi\u0119kk\u0105 tekstur\u0119 i\u00a0 trwa\u0142o\u015b\u0107. TPR\u00a0\u2014 tworzywo charakteryzuje si\u0119 niezwyk\u0142\u0105 odporno\u015bci\u0105 i wytrzyma\u0142o\u015bci\u0105.<\/p>\n","protected":false},"featured_media":23227,"comment_status":"closed","ping_status":"open","template":"","meta":[],"product_brand":[416],"product_cat":[21,840,880],"product_tag":[],"class_list":{"0":"post-20289","1":"product","2":"type-product","3":"status-publish","4":"has-post-thumbnail","6":"product_brand-stalco","7":"product_cat-obuwie-robocze","8":"product_cat-trzewiki","9":"product_cat-trzewiki-zimowe","10":"pa_producent-stalco","11":"pa_rozmiar-206","12":"pa_rozmiar-207","13":"pa_rozmiar-208","14":"pa_rozmiar-209","15":"pa_rozmiar-161","16":"pa_rozmiar-210","17":"pa_rozmiar-162","18":"pa_waga-1-3","19":"pa_waga-1-33","20":"pa_waga-1-4","21":"pa_waga-1-45","22":"pa_waga-1-5","23":"pa_waga-1-53","24":"pa_waga-1-58","26":"first","27":"instock","28":"shipping-taxable","29":"purchasable","30":"product-type-variable","31":"has-default-attributes"},"_links":{"self":[{"href":"https:\/\/asbhp.pl\/index.php?rest_route=\/wp\/v2\/product\/20289","targetHints":{"allow":["GET"]}}],"collection":[{"href":"https:\/\/asbhp.pl\/index.php?rest_route=\/wp\/v2\/product"}],"about":[{"href":"https:\/\/asbhp.pl\/index.php?rest_route=\/wp\/v2\/types\/product"}],"replies":[{"embeddable":true,"href":"https:\/\/asbhp.pl\/index.php?rest_route=%2Fwp%2Fv2%2Fcomments&post=20289"}],"wp:featuredmedia":[{"embeddable":true,"href":"https:\/\/asbhp.pl\/index.php?rest_route=\/wp\/v2\/media\/23227"}],"wp:attachment":[{"href":"https:\/\/asbhp.pl\/index.php?rest_route=%2Fwp%2Fv2%2Fmedia&parent=20289"}],"wp:term":[{"taxonomy":"product_brand","embeddable":true,"href":"https:\/\/asbhp.pl\/index.php?rest_route=%2Fwp%2Fv2%2Fproduct_brand&post=20289"},{"taxonomy":"product_cat","embeddable":true,"href":"https:\/\/asbhp.pl\/index.php?rest_route=%2Fwp%2Fv2%2Fproduct_cat&post=20289"},{"taxonomy":"product_tag","embeddable":true,"href":"https:\/\/asbhp.pl\/index.php?rest_route=%2Fwp%2Fv2%2Fproduct_tag&post=20289"}],"curies":[{"name":"wp","href":"https:\/\/api.w.org\/{rel}","templated":true}]}}