{"id":2047,"date":"2019-09-24T20:53:05","date_gmt":"2019-09-24T18:53:05","guid":{"rendered":"http:\/\/www.asbhp.pl\/produkt\/kombinezon-z-wuikniny-z-kaputrem-jednorazowego-uuytku\/"},"modified":"2025-10-11T20:11:09","modified_gmt":"2025-10-11T18:11:09","slug":"kombinezon-z-wuikniny-z-kaputrem-jednorazowego-uuytku","status":"publish","type":"product","link":"https:\/\/asbhp.pl\/?product=kombinezon-z-wuikniny-z-kaputrem-jednorazowego-uuytku","title":{"rendered":"KOMBINEZON Z W\u0141\u00d3KNINY Z KAPUTREM &#8211; JEDNORAZOWEGO U\u017bYTKU"},"content":{"rendered":"","protected":false},"excerpt":{"rendered":"<p>KOMBINEZON Z W\u0141\u00d3KNINY Z KAPUTREM &#8211; JEDNORAZOWEGO U\u017bYTKU<\/p>\n","protected":false},"featured_media":2048,"comment_status":"closed","ping_status":"closed","template":"","meta":[],"product_brand":[],"product_cat":[1109,440],"product_tag":[106],"class_list":{"0":"post-2047","1":"product","2":"type-product","3":"status-publish","4":"has-post-thumbnail","6":"product_cat-odziez-krotkiego-uzytkowania","7":"product_cat-odziez-robocza","8":"product_tag-deltaplus","10":"first","11":"instock","12":"purchasable","13":"product-type-simple"},"_links":{"self":[{"href":"https:\/\/asbhp.pl\/index.php?rest_route=\/wp\/v2\/product\/2047","targetHints":{"allow":["GET"]}}],"collection":[{"href":"https:\/\/asbhp.pl\/index.php?rest_route=\/wp\/v2\/product"}],"about":[{"href":"https:\/\/asbhp.pl\/index.php?rest_route=\/wp\/v2\/types\/product"}],"replies":[{"embeddable":true,"href":"https:\/\/asbhp.pl\/index.php?rest_route=%2Fwp%2Fv2%2Fcomments&post=2047"}],"wp:featuredmedia":[{"embeddable":true,"href":"https:\/\/asbhp.pl\/index.php?rest_route=\/wp\/v2\/media\/2048"}],"wp:attachment":[{"href":"https:\/\/asbhp.pl\/index.php?rest_route=%2Fwp%2Fv2%2Fmedia&parent=2047"}],"wp:term":[{"taxonomy":"product_brand","embeddable":true,"href":"https:\/\/asbhp.pl\/index.php?rest_route=%2Fwp%2Fv2%2Fproduct_brand&post=2047"},{"taxonomy":"product_cat","embeddable":true,"href":"https:\/\/asbhp.pl\/index.php?rest_route=%2Fwp%2Fv2%2Fproduct_cat&post=2047"},{"taxonomy":"product_tag","embeddable":true,"href":"https:\/\/asbhp.pl\/index.php?rest_route=%2Fwp%2Fv2%2Fproduct_tag&post=2047"}],"curies":[{"name":"wp","href":"https:\/\/api.w.org\/{rel}","templated":true}]}}