{"id":2079,"date":"2019-09-24T20:53:35","date_gmt":"2019-09-24T18:53:35","guid":{"rendered":"http:\/\/www.asbhp.pl\/produkt\/kombinezon-kritkiego-uuytkowania-z-wuikniny-deltatek-6000%c2%a8\/"},"modified":"2019-10-08T14:22:04","modified_gmt":"2019-10-08T12:22:04","slug":"kombinezon-kritkiego-uuytkowania-z-wuikniny-deltatek-6000%c2%a8","status":"publish","type":"product","link":"https:\/\/asbhp.pl\/?product=kombinezon-kritkiego-uuytkowania-z-wuikniny-deltatek-6000%c2%a8","title":{"rendered":"KOMBINEZON KR\u00d3TKIEGO U\u017bYTKOWANIA Z W\u0141\u00d3KNINY DELTATEK 6000\u00a8"},"content":{"rendered":"","protected":false},"excerpt":{"rendered":"<p>KOMBINEZON KR\u00d3TKIEGO U\u017bYTKOWANIA Z W\u0141\u00d3KNINY DELTATEK 6000\u00a8<\/p>\n","protected":false},"featured_media":2080,"comment_status":"closed","ping_status":"closed","template":"","meta":[],"product_brand":[],"product_cat":[45,41],"product_tag":[106],"class_list":{"0":"post-2079","1":"product","2":"type-product","3":"status-publish","4":"has-post-thumbnail","6":"product_cat-komplety","7":"product_cat-odziez-ochronna","8":"product_tag-deltaplus","10":"first","11":"instock","12":"purchasable","13":"product-type-simple"},"_links":{"self":[{"href":"https:\/\/asbhp.pl\/index.php?rest_route=\/wp\/v2\/product\/2079","targetHints":{"allow":["GET"]}}],"collection":[{"href":"https:\/\/asbhp.pl\/index.php?rest_route=\/wp\/v2\/product"}],"about":[{"href":"https:\/\/asbhp.pl\/index.php?rest_route=\/wp\/v2\/types\/product"}],"replies":[{"embeddable":true,"href":"https:\/\/asbhp.pl\/index.php?rest_route=%2Fwp%2Fv2%2Fcomments&post=2079"}],"wp:featuredmedia":[{"embeddable":true,"href":"https:\/\/asbhp.pl\/index.php?rest_route=\/wp\/v2\/media\/2080"}],"wp:attachment":[{"href":"https:\/\/asbhp.pl\/index.php?rest_route=%2Fwp%2Fv2%2Fmedia&parent=2079"}],"wp:term":[{"taxonomy":"product_brand","embeddable":true,"href":"https:\/\/asbhp.pl\/index.php?rest_route=%2Fwp%2Fv2%2Fproduct_brand&post=2079"},{"taxonomy":"product_cat","embeddable":true,"href":"https:\/\/asbhp.pl\/index.php?rest_route=%2Fwp%2Fv2%2Fproduct_cat&post=2079"},{"taxonomy":"product_tag","embeddable":true,"href":"https:\/\/asbhp.pl\/index.php?rest_route=%2Fwp%2Fv2%2Fproduct_tag&post=2079"}],"curies":[{"name":"wp","href":"https:\/\/api.w.org\/{rel}","templated":true}]}}