{"id":2084,"date":"2019-09-24T20:53:35","date_gmt":"2019-09-24T18:53:35","guid":{"rendered":"http:\/\/www.asbhp.pl\/produkt\/kombinezon-kritkiego-uuytkowania-z-wuikniny-deltatek%c2%a8-6000-ogniotrwauy\/"},"modified":"2019-10-08T14:22:14","modified_gmt":"2019-10-08T12:22:14","slug":"kombinezon-kritkiego-uuytkowania-z-wuikniny-deltatek%c2%a8-6000-ogniotrwauy","status":"publish","type":"product","link":"https:\/\/asbhp.pl\/?product=kombinezon-kritkiego-uuytkowania-z-wuikniny-deltatek%c2%a8-6000-ogniotrwauy","title":{"rendered":"KOMBINEZON KR\u00d3TKIEGO U\u017bYTKOWANIA Z W\u0141\u00d3KNINY DELTATEK\u00a8 6000 &#8211; OGNIOTRW\u015aY"},"content":{"rendered":"","protected":false},"excerpt":{"rendered":"<p>KOMBINEZON KR\u00d3TKIEGO U\u017bYTKOWANIA Z W\u0141\u00d3KNINY DELTATEK\u00a8 6000 &#8211; OGNIOTRW\u015aY<\/p>\n","protected":false},"featured_media":2085,"comment_status":"closed","ping_status":"closed","template":"","meta":[],"product_brand":[],"product_cat":[45,41],"product_tag":[106],"class_list":{"0":"post-2084","1":"product","2":"type-product","3":"status-publish","4":"has-post-thumbnail","6":"product_cat-komplety","7":"product_cat-odziez-ochronna","8":"product_tag-deltaplus","10":"first","11":"instock","12":"purchasable","13":"product-type-simple"},"_links":{"self":[{"href":"https:\/\/asbhp.pl\/index.php?rest_route=\/wp\/v2\/product\/2084","targetHints":{"allow":["GET"]}}],"collection":[{"href":"https:\/\/asbhp.pl\/index.php?rest_route=\/wp\/v2\/product"}],"about":[{"href":"https:\/\/asbhp.pl\/index.php?rest_route=\/wp\/v2\/types\/product"}],"replies":[{"embeddable":true,"href":"https:\/\/asbhp.pl\/index.php?rest_route=%2Fwp%2Fv2%2Fcomments&post=2084"}],"wp:featuredmedia":[{"embeddable":true,"href":"https:\/\/asbhp.pl\/index.php?rest_route=\/wp\/v2\/media\/2085"}],"wp:attachment":[{"href":"https:\/\/asbhp.pl\/index.php?rest_route=%2Fwp%2Fv2%2Fmedia&parent=2084"}],"wp:term":[{"taxonomy":"product_brand","embeddable":true,"href":"https:\/\/asbhp.pl\/index.php?rest_route=%2Fwp%2Fv2%2Fproduct_brand&post=2084"},{"taxonomy":"product_cat","embeddable":true,"href":"https:\/\/asbhp.pl\/index.php?rest_route=%2Fwp%2Fv2%2Fproduct_cat&post=2084"},{"taxonomy":"product_tag","embeddable":true,"href":"https:\/\/asbhp.pl\/index.php?rest_route=%2Fwp%2Fv2%2Fproduct_tag&post=2084"}],"curies":[{"name":"wp","href":"https:\/\/api.w.org\/{rel}","templated":true}]}}