{"id":2103,"date":"2019-09-24T20:53:48","date_gmt":"2019-09-24T18:53:48","guid":{"rendered":"http:\/\/www.asbhp.pl\/produkt\/nar%c2%a2kawek-z-wuikniny-deltachem%c2%a8-jednorazowego-uuytku-1-para\/"},"modified":"2025-10-11T22:04:51","modified_gmt":"2025-10-11T20:04:51","slug":"nar%c2%a2kawek-z-wuikniny-deltachem%c2%a8-jednorazowego-uuytku-1-para","status":"publish","type":"product","link":"https:\/\/asbhp.pl\/?product=nar%c2%a2kawek-z-wuikniny-deltachem%c2%a8-jednorazowego-uuytku-1-para","title":{"rendered":"NAR\u0118KAWEK Z W\u0141\u00d3KNINY DELTACHEM\u00a8 &#8211; JEDNORAZOWEGO U\u017bYTKU &#8211; 1 PARA"},"content":{"rendered":"","protected":false},"excerpt":{"rendered":"<p>NAR\u0118KAWEK Z W\u0141\u00d3KNINY DELTACHEM\u00a8 &#8211; JEDNORAZOWEGO U\u017bYTKU &#8211; 1 PARA<\/p>\n","protected":false},"featured_media":2104,"comment_status":"closed","ping_status":"closed","template":"","meta":[],"product_brand":[],"product_cat":[785,440],"product_tag":[106],"class_list":{"0":"post-2103","1":"product","2":"type-product","3":"status-publish","4":"has-post-thumbnail","6":"product_cat-akcesoria-odziezowe","7":"product_cat-odziez-robocza","8":"product_tag-deltaplus","10":"first","11":"instock","12":"purchasable","13":"product-type-simple"},"_links":{"self":[{"href":"https:\/\/asbhp.pl\/index.php?rest_route=\/wp\/v2\/product\/2103","targetHints":{"allow":["GET"]}}],"collection":[{"href":"https:\/\/asbhp.pl\/index.php?rest_route=\/wp\/v2\/product"}],"about":[{"href":"https:\/\/asbhp.pl\/index.php?rest_route=\/wp\/v2\/types\/product"}],"replies":[{"embeddable":true,"href":"https:\/\/asbhp.pl\/index.php?rest_route=%2Fwp%2Fv2%2Fcomments&post=2103"}],"wp:featuredmedia":[{"embeddable":true,"href":"https:\/\/asbhp.pl\/index.php?rest_route=\/wp\/v2\/media\/2104"}],"wp:attachment":[{"href":"https:\/\/asbhp.pl\/index.php?rest_route=%2Fwp%2Fv2%2Fmedia&parent=2103"}],"wp:term":[{"taxonomy":"product_brand","embeddable":true,"href":"https:\/\/asbhp.pl\/index.php?rest_route=%2Fwp%2Fv2%2Fproduct_brand&post=2103"},{"taxonomy":"product_cat","embeddable":true,"href":"https:\/\/asbhp.pl\/index.php?rest_route=%2Fwp%2Fv2%2Fproduct_cat&post=2103"},{"taxonomy":"product_tag","embeddable":true,"href":"https:\/\/asbhp.pl\/index.php?rest_route=%2Fwp%2Fv2%2Fproduct_tag&post=2103"}],"curies":[{"name":"wp","href":"https:\/\/api.w.org\/{rel}","templated":true}]}}