{"id":22129,"date":"2025-10-10T09:08:57","date_gmt":"2025-10-10T07:08:57","guid":{"rendered":"https:\/\/asbhp.pl\/produkt\/40-ob\/"},"modified":"2025-10-10T09:10:01","modified_gmt":"2025-10-10T07:10:01","slug":"40-ob","status":"publish","type":"product","link":"https:\/\/asbhp.pl\/?product=40-ob","title":{"rendered":"40, OB"},"content":{"rendered":"<ul>\n<li>Lekka konstrukcja<\/li>\n<li>Mi\u0119kka wy\u015bci\u00f3\u0142ka<\/li>\n<li>Elastyczna podeszwa<\/li>\n<li>Nowoczesny wygl\u0105d<\/li>\n<li>Technologia Flyknit<\/li>\n<li>W\u0142a\u015bciwo\u015bci: antystatyczne, antypo\u015blizgowe, olejoodporne<\/li>\n<\/ul>\n","protected":false},"excerpt":{"rendered":"<p>Lekka konstrukcja Mi\u0119kka wy\u015bci\u00f3\u0142ka Elastyczna podeszwa Nowoczesny wygl\u0105d Technologia Flyknit W\u0142a\u015bciwo\u015bci: antystatyczne, antypo\u015blizgowe, olejoodporne<\/p>\n","protected":false},"featured_media":22130,"comment_status":"closed","ping_status":"open","template":"","meta":[],"product_brand":[483],"product_cat":[21,46,792],"product_tag":[],"class_list":{"0":"post-22129","1":"product","2":"type-product","3":"status-publish","4":"has-post-thumbnail","6":"product_brand-stalco-perfect","7":"product_cat-obuwie-robocze","8":"product_cat-polbuty","9":"product_cat-polbuty-robocze","10":"pa_producent-stalco-perfect","11":"pa_rozmiar-40-ob","12":"pa_rozmiar-41-ob","13":"pa_rozmiar-42-ob","14":"pa_rozmiar-43-ob","15":"pa_rozmiar-44-ob","16":"pa_rozmiar-45-ob","17":"pa_rozmiar-46-ob","18":"pa_rozmiar-47-ob","19":"pa_rozmiar-48-ob","20":"pa_waga-0-8","22":"first","23":"instock","24":"shipping-taxable","25":"purchasable","26":"product-type-variable","27":"has-default-attributes"},"_links":{"self":[{"href":"https:\/\/asbhp.pl\/index.php?rest_route=\/wp\/v2\/product\/22129","targetHints":{"allow":["GET"]}}],"collection":[{"href":"https:\/\/asbhp.pl\/index.php?rest_route=\/wp\/v2\/product"}],"about":[{"href":"https:\/\/asbhp.pl\/index.php?rest_route=\/wp\/v2\/types\/product"}],"replies":[{"embeddable":true,"href":"https:\/\/asbhp.pl\/index.php?rest_route=%2Fwp%2Fv2%2Fcomments&post=22129"}],"wp:featuredmedia":[{"embeddable":true,"href":"https:\/\/asbhp.pl\/index.php?rest_route=\/wp\/v2\/media\/22130"}],"wp:attachment":[{"href":"https:\/\/asbhp.pl\/index.php?rest_route=%2Fwp%2Fv2%2Fmedia&parent=22129"}],"wp:term":[{"taxonomy":"product_brand","embeddable":true,"href":"https:\/\/asbhp.pl\/index.php?rest_route=%2Fwp%2Fv2%2Fproduct_brand&post=22129"},{"taxonomy":"product_cat","embeddable":true,"href":"https:\/\/asbhp.pl\/index.php?rest_route=%2Fwp%2Fv2%2Fproduct_cat&post=22129"},{"taxonomy":"product_tag","embeddable":true,"href":"https:\/\/asbhp.pl\/index.php?rest_route=%2Fwp%2Fv2%2Fproduct_tag&post=22129"}],"curies":[{"name":"wp","href":"https:\/\/api.w.org\/{rel}","templated":true}]}}