{"id":2254,"date":"2019-09-24T20:55:44","date_gmt":"2019-09-24T18:55:44","guid":{"rendered":"http:\/\/www.asbhp.pl\/produkt\/ogrodniczki-dla-drwali-podszewka-z-zabudow%c2%84-antyprzeci%c2%a2ciow%c2%84\/"},"modified":"2019-10-08T14:20:52","modified_gmt":"2019-10-08T12:20:52","slug":"ogrodniczki-dla-drwali-podszewka-z-zabudow%c2%84-antyprzeci%c2%a2ciow%c2%84","status":"publish","type":"product","link":"https:\/\/asbhp.pl\/?product=ogrodniczki-dla-drwali-podszewka-z-zabudow%c2%84-antyprzeci%c2%a2ciow%c2%84","title":{"rendered":"OGRODNICZKI DLA DRWALI &#8211; PODSZEWKA Z ZABUDOW\u0104 ANTYPRZECI\u0118CIOW\u0104"},"content":{"rendered":"","protected":false},"excerpt":{"rendered":"<p>OGRODNICZKI DLA DRWALI &#8211; PODSZEWKA Z ZABUDOW\u0104 ANTYPRZECI\u0118CIOW\u0104<\/p>\n","protected":false},"featured_media":2255,"comment_status":"closed","ping_status":"closed","template":"","meta":[],"product_brand":[],"product_cat":[41,77,42,1107],"product_tag":[106],"class_list":{"0":"post-2254","1":"product","2":"type-product","3":"status-publish","4":"has-post-thumbnail","6":"product_cat-odziez-ochronna","7":"product_cat-odziez-przeciwdeszczowa","8":"product_cat-spodnie-ogrodniczki","9":"product_cat-spodnie-przeciwdeszczowe","10":"product_tag-deltaplus","12":"first","13":"instock","14":"purchasable","15":"product-type-simple"},"_links":{"self":[{"href":"https:\/\/asbhp.pl\/index.php?rest_route=\/wp\/v2\/product\/2254","targetHints":{"allow":["GET"]}}],"collection":[{"href":"https:\/\/asbhp.pl\/index.php?rest_route=\/wp\/v2\/product"}],"about":[{"href":"https:\/\/asbhp.pl\/index.php?rest_route=\/wp\/v2\/types\/product"}],"replies":[{"embeddable":true,"href":"https:\/\/asbhp.pl\/index.php?rest_route=%2Fwp%2Fv2%2Fcomments&post=2254"}],"wp:featuredmedia":[{"embeddable":true,"href":"https:\/\/asbhp.pl\/index.php?rest_route=\/wp\/v2\/media\/2255"}],"wp:attachment":[{"href":"https:\/\/asbhp.pl\/index.php?rest_route=%2Fwp%2Fv2%2Fmedia&parent=2254"}],"wp:term":[{"taxonomy":"product_brand","embeddable":true,"href":"https:\/\/asbhp.pl\/index.php?rest_route=%2Fwp%2Fv2%2Fproduct_brand&post=2254"},{"taxonomy":"product_cat","embeddable":true,"href":"https:\/\/asbhp.pl\/index.php?rest_route=%2Fwp%2Fv2%2Fproduct_cat&post=2254"},{"taxonomy":"product_tag","embeddable":true,"href":"https:\/\/asbhp.pl\/index.php?rest_route=%2Fwp%2Fv2%2Fproduct_tag&post=2254"}],"curies":[{"name":"wp","href":"https:\/\/api.w.org\/{rel}","templated":true}]}}