{"id":24631,"date":"2025-10-10T09:16:02","date_gmt":"2025-10-10T07:16:02","guid":{"rendered":"https:\/\/asbhp.pl\/produkt\/s-zolty\/"},"modified":"2025-10-10T09:16:15","modified_gmt":"2025-10-10T07:16:15","slug":"s-zolty","status":"publish","type":"product","link":"https:\/\/asbhp.pl\/?product=s-zolty","title":{"rendered":"S \u017b\u00f3\u0142ty"},"content":{"rendered":"<ul>\n<li>certyfikowany materia\u0142 neonowy z bawe\u0142n\u0105<\/li>\n<li>ta\u015bmy odblaskowe 75mm<\/li>\n<li>elementy kontrastowe<\/li>\n<li>potr\u00f3jne szwy<\/li>\n<li>d\u00f3\u0142 nogawek z OXFORD 600D z PU<\/li>\n<li>nogawki do wyd\u0142u\u017cenia o 4,5cm<\/li>\n<li>rygle wzmacniaj\u0105ce szwy<\/li>\n<li>metalowy zamek w rozporku<\/li>\n<li>kieszenie na kolanach z OXFORD 600D z PU na wk\u0142adki piankowe<\/li>\n<li>11 funkcjonalnych kieszeni z OXFORD 600D<\/li>\n<li>1 szeroka szlufka na rzep<\/li>\n<\/ul>\n","protected":false},"excerpt":{"rendered":"<p>certyfikowany materia\u0142 neonowy z bawe\u0142n\u0105 ta\u015bmy odblaskowe 75mm elementy kontrastowe potr\u00f3jne szwy d\u00f3\u0142 nogawek z OXFORD 600D z PU nogawki do wyd\u0142u\u017cenia o 4,5cm rygle wzmacniaj\u0105ce szwy metalowy zamek w rozporku kieszenie na kolanach z OXFORD 600D z PU na wk\u0142adki piankowe 11 funkcjonalnych kieszeni z OXFORD 600D 1 szeroka szlufka na rzep<\/p>\n","protected":false},"featured_media":24632,"comment_status":"closed","ping_status":"open","template":"","meta":[],"product_brand":[416],"product_cat":[440,1058],"product_tag":[],"class_list":{"0":"post-24631","1":"product","2":"type-product","3":"status-publish","4":"has-post-thumbnail","6":"product_brand-stalco","7":"product_cat-odziez-robocza","8":"product_cat-spodnie-odblaskowe","9":"pa_kolor-pomaranczowy","10":"pa_kolor-zolty","11":"pa_producent-stalco","12":"pa_rozmiar-2xl","13":"pa_rozmiar-3xl","14":"pa_rozmiar-4xl","15":"pa_rozmiar-l","16":"pa_rozmiar-m","17":"pa_rozmiar-s","18":"pa_rozmiar-xl","19":"pa_waga-0-8","20":"pa_waga-0-82","21":"pa_waga-0-84","22":"pa_waga-0-86","23":"pa_waga-0-88","24":"pa_waga-0-89","25":"pa_waga-0-9","26":"pa_waga-0-91","27":"pa_waga-0-92","28":"pa_waga-0-94","30":"first","31":"instock","32":"shipping-taxable","33":"purchasable","34":"product-type-variable","35":"has-default-attributes"},"_links":{"self":[{"href":"https:\/\/asbhp.pl\/index.php?rest_route=\/wp\/v2\/product\/24631","targetHints":{"allow":["GET"]}}],"collection":[{"href":"https:\/\/asbhp.pl\/index.php?rest_route=\/wp\/v2\/product"}],"about":[{"href":"https:\/\/asbhp.pl\/index.php?rest_route=\/wp\/v2\/types\/product"}],"replies":[{"embeddable":true,"href":"https:\/\/asbhp.pl\/index.php?rest_route=%2Fwp%2Fv2%2Fcomments&post=24631"}],"wp:featuredmedia":[{"embeddable":true,"href":"https:\/\/asbhp.pl\/index.php?rest_route=\/wp\/v2\/media\/24632"}],"wp:attachment":[{"href":"https:\/\/asbhp.pl\/index.php?rest_route=%2Fwp%2Fv2%2Fmedia&parent=24631"}],"wp:term":[{"taxonomy":"product_brand","embeddable":true,"href":"https:\/\/asbhp.pl\/index.php?rest_route=%2Fwp%2Fv2%2Fproduct_brand&post=24631"},{"taxonomy":"product_cat","embeddable":true,"href":"https:\/\/asbhp.pl\/index.php?rest_route=%2Fwp%2Fv2%2Fproduct_cat&post=24631"},{"taxonomy":"product_tag","embeddable":true,"href":"https:\/\/asbhp.pl\/index.php?rest_route=%2Fwp%2Fv2%2Fproduct_tag&post=24631"}],"curies":[{"name":"wp","href":"https:\/\/api.w.org\/{rel}","templated":true}]}}