{"id":24650,"date":"2025-10-10T09:16:02","date_gmt":"2025-10-10T07:16:02","guid":{"rendered":"https:\/\/asbhp.pl\/produkt\/s-zolty-2\/"},"modified":"2025-10-10T09:16:21","modified_gmt":"2025-10-10T07:16:21","slug":"s-zolty-2","status":"publish","type":"product","link":"https:\/\/asbhp.pl\/?product=s-zolty-2","title":{"rendered":"S \u017b\u00f3\u0142ty"},"content":{"rendered":"<ul>\n<li>certyfikowany materia\u0142 neonowy z bawe\u0142n\u0105<\/li>\n<li>ta\u015bmy odblaskowe 75mm<\/li>\n<li>elementy kontrastowe<\/li>\n<li>potr\u00f3jne szwy<\/li>\n<li>d\u00f3\u0142 nogawek z OXFORD 600D z PU<\/li>\n<li>nogawki do wyd\u0142u\u017cenia o 4,5cm<\/li>\n<li>metalowy zamek w rozporku<\/li>\n<li>kieszenie na kolanach z OXFORD 600D z PU na wk\u0142adki piankowe<\/li>\n<li>14 funkcjonalnych kieszeni z OXFORD 600D<\/li>\n<li>szelki cz\u0119\u015bciowo elastyczne<\/li>\n<li>zapi\u0119cia zatrzaskowe szelek z tworzywa<\/li>\n<\/ul>\n","protected":false},"excerpt":{"rendered":"<p>certyfikowany materia\u0142 neonowy z bawe\u0142n\u0105 ta\u015bmy odblaskowe 75mm elementy kontrastowe potr\u00f3jne szwy d\u00f3\u0142 nogawek z OXFORD 600D z PU nogawki do wyd\u0142u\u017cenia o 4,5cm metalowy zamek w rozporku kieszenie na kolanach z OXFORD 600D z PU na wk\u0142adki piankowe 14 funkcjonalnych kieszeni z OXFORD 600D szelki cz\u0119\u015bciowo elastyczne zapi\u0119cia zatrzaskowe szelek z tworzywa<\/p>\n","protected":false},"featured_media":24651,"comment_status":"closed","ping_status":"open","template":"","meta":[],"product_brand":[416],"product_cat":[440,1059],"product_tag":[],"class_list":{"0":"post-24650","1":"product","2":"type-product","3":"status-publish","4":"has-post-thumbnail","6":"product_brand-stalco","7":"product_cat-odziez-robocza","8":"product_cat-ogrodniczki-robocze-odblaskowe","9":"pa_kolor-pomaranczowy","10":"pa_kolor-zolty","11":"pa_producent-stalco","12":"pa_rozmiar-2xl","13":"pa_rozmiar-3xl","14":"pa_rozmiar-4xl","15":"pa_rozmiar-l","16":"pa_rozmiar-m","17":"pa_rozmiar-s","18":"pa_rozmiar-xl","19":"pa_waga-1-03","20":"pa_waga-1-04","21":"pa_waga-1-05","22":"pa_waga-1-08","23":"pa_waga-1-1","24":"pa_waga-1-11","25":"pa_waga-1-12","26":"pa_waga-1-13","27":"pa_waga-1-15","28":"pa_waga-1-16","29":"pa_waga-1-17","31":"first","32":"instock","33":"shipping-taxable","34":"purchasable","35":"product-type-variable","36":"has-default-attributes"},"_links":{"self":[{"href":"https:\/\/asbhp.pl\/index.php?rest_route=\/wp\/v2\/product\/24650","targetHints":{"allow":["GET"]}}],"collection":[{"href":"https:\/\/asbhp.pl\/index.php?rest_route=\/wp\/v2\/product"}],"about":[{"href":"https:\/\/asbhp.pl\/index.php?rest_route=\/wp\/v2\/types\/product"}],"replies":[{"embeddable":true,"href":"https:\/\/asbhp.pl\/index.php?rest_route=%2Fwp%2Fv2%2Fcomments&post=24650"}],"wp:featuredmedia":[{"embeddable":true,"href":"https:\/\/asbhp.pl\/index.php?rest_route=\/wp\/v2\/media\/24651"}],"wp:attachment":[{"href":"https:\/\/asbhp.pl\/index.php?rest_route=%2Fwp%2Fv2%2Fmedia&parent=24650"}],"wp:term":[{"taxonomy":"product_brand","embeddable":true,"href":"https:\/\/asbhp.pl\/index.php?rest_route=%2Fwp%2Fv2%2Fproduct_brand&post=24650"},{"taxonomy":"product_cat","embeddable":true,"href":"https:\/\/asbhp.pl\/index.php?rest_route=%2Fwp%2Fv2%2Fproduct_cat&post=24650"},{"taxonomy":"product_tag","embeddable":true,"href":"https:\/\/asbhp.pl\/index.php?rest_route=%2Fwp%2Fv2%2Fproduct_tag&post=24650"}],"curies":[{"name":"wp","href":"https:\/\/api.w.org\/{rel}","templated":true}]}}