{"id":24668,"date":"2025-10-10T09:16:15","date_gmt":"2025-10-10T07:16:15","guid":{"rendered":"https:\/\/asbhp.pl\/produkt\/s-zolty-3\/"},"modified":"2025-10-10T09:16:21","modified_gmt":"2025-10-10T07:16:21","slug":"s-zolty-3","status":"publish","type":"product","link":"https:\/\/asbhp.pl\/?product=s-zolty-3","title":{"rendered":"S \u017b\u00f3\u0142ty"},"content":{"rendered":"<ul>\n<li>m\u0119ska bluza ostrzegawcza<\/li>\n<li>szybkoschn\u0105ca dzianina polarowa<\/li>\n<li>ta\u015bmy odblaskowe 50 mm<\/li>\n<li>w\u0142a\u015bciwo\u015bci termoizolacyjne<\/li>\n<li>zapinana na zamek kostkowy<\/li>\n<li>2 kieszenie w pasie zasuwane na zamki<\/li>\n<li>l kiesze\u0144 napoleo\u0144ska na zamek<\/li>\n<li>r\u0119kawy zako\u0144czone gumk\u0105 regulacja w pasie &#8211; gumka ze stoperami<\/li>\n<li>dost\u0119pna w 2 kolorach<\/li>\n<\/ul>\n","protected":false},"excerpt":{"rendered":"<p>m\u0119ska bluza ostrzegawcza szybkoschn\u0105ca dzianina polarowa ta\u015bmy odblaskowe 50 mm w\u0142a\u015bciwo\u015bci termoizolacyjne zapinana na zamek kostkowy 2 kieszenie w pasie zasuwane na zamki l kiesze\u0144 napoleo\u0144ska na zamek r\u0119kawy zako\u0144czone gumk\u0105 regulacja w pasie &#8211; gumka ze stoperami dost\u0119pna w 2 kolorach<\/p>\n","protected":false},"featured_media":24669,"comment_status":"closed","ping_status":"open","template":"","meta":[],"product_brand":[416],"product_cat":[571,440,1060],"product_tag":[],"class_list":{"0":"post-24668","1":"product","2":"type-product","3":"status-publish","4":"has-post-thumbnail","6":"product_brand-stalco","7":"product_cat-bluzy-robocze","8":"product_cat-odziez-robocza","9":"product_cat-polary-odblaskowe","10":"pa_kolor-pomaranczowy","11":"pa_kolor-zolty","12":"pa_producent-stalco","13":"pa_rozmiar-2xl","14":"pa_rozmiar-3xl","15":"pa_rozmiar-4xl","16":"pa_rozmiar-l","17":"pa_rozmiar-m","18":"pa_rozmiar-s","19":"pa_rozmiar-xl","20":"pa_waga-0-59","21":"pa_waga-0-6","22":"pa_waga-0-62","23":"pa_waga-0-66","24":"pa_waga-0-68","25":"pa_waga-0-72","26":"pa_waga-0-74","27":"pa_waga-0-78","28":"pa_waga-0-82","29":"pa_waga-0-86","31":"first","32":"instock","33":"shipping-taxable","34":"purchasable","35":"product-type-variable","36":"has-default-attributes"},"_links":{"self":[{"href":"https:\/\/asbhp.pl\/index.php?rest_route=\/wp\/v2\/product\/24668","targetHints":{"allow":["GET"]}}],"collection":[{"href":"https:\/\/asbhp.pl\/index.php?rest_route=\/wp\/v2\/product"}],"about":[{"href":"https:\/\/asbhp.pl\/index.php?rest_route=\/wp\/v2\/types\/product"}],"replies":[{"embeddable":true,"href":"https:\/\/asbhp.pl\/index.php?rest_route=%2Fwp%2Fv2%2Fcomments&post=24668"}],"wp:featuredmedia":[{"embeddable":true,"href":"https:\/\/asbhp.pl\/index.php?rest_route=\/wp\/v2\/media\/24669"}],"wp:attachment":[{"href":"https:\/\/asbhp.pl\/index.php?rest_route=%2Fwp%2Fv2%2Fmedia&parent=24668"}],"wp:term":[{"taxonomy":"product_brand","embeddable":true,"href":"https:\/\/asbhp.pl\/index.php?rest_route=%2Fwp%2Fv2%2Fproduct_brand&post=24668"},{"taxonomy":"product_cat","embeddable":true,"href":"https:\/\/asbhp.pl\/index.php?rest_route=%2Fwp%2Fv2%2Fproduct_cat&post=24668"},{"taxonomy":"product_tag","embeddable":true,"href":"https:\/\/asbhp.pl\/index.php?rest_route=%2Fwp%2Fv2%2Fproduct_tag&post=24668"}],"curies":[{"name":"wp","href":"https:\/\/api.w.org\/{rel}","templated":true}]}}