{"id":24686,"date":"2025-10-10T09:16:15","date_gmt":"2025-10-10T07:16:15","guid":{"rendered":"https:\/\/asbhp.pl\/produkt\/zolty-4\/"},"modified":"2025-10-11T16:47:45","modified_gmt":"2025-10-11T14:47:45","slug":"zolty-4","status":"publish","type":"product","link":"https:\/\/asbhp.pl\/?product=zolty-4","title":{"rendered":"Czapka odblaskowa FLUO &#8211; \u017b\u00f3\u0142ty"},"content":{"rendered":"<ul>\n<li>odblaskowa<\/li>\n<li>mi\u0119sista, g\u0119sto dziana czapka<\/li>\n<li>podw\u00f3jny materia\u0142<\/li>\n<li>bardzo elastyczna<\/li>\n<li>dost\u0119pne 2 kolory \u2013 neonowy \u017c\u00f3\u0142ty i pomara\u0144czowy<\/li>\n<li>gruby, 2 cm pas odblaskowy<\/li>\n<li>opakowanie &#8211; woreczek i haczyk<\/li>\n<li>rozmiar uniwersalny 54-62<\/li>\n<\/ul>\n","protected":false},"excerpt":{"rendered":"<p>odblaskowa mi\u0119sista, g\u0119sto dziana czapka podw\u00f3jny materia\u0142 bardzo elastyczna dost\u0119pne 2 kolory \u2013 neonowy \u017c\u00f3\u0142ty i pomara\u0144czowy gruby, 2 cm pas odblaskowy opakowanie &#8211; woreczek i haczyk rozmiar uniwersalny 54-62<\/p>\n","protected":false},"featured_media":24687,"comment_status":"closed","ping_status":"closed","template":"","meta":[],"product_brand":[416],"product_cat":[1061,440],"product_tag":[],"class_list":{"0":"post-24686","1":"product","2":"type-product","3":"status-publish","4":"has-post-thumbnail","6":"product_brand-stalco","7":"product_cat-czapki-odblaskowe","8":"product_cat-odziez-robocza","9":"pa_producent-stalco","10":"pa_waga-0-08","11":"pa_waga-0-086","13":"first","14":"instock","15":"shipping-taxable","16":"purchasable","17":"product-type-simple"},"_links":{"self":[{"href":"https:\/\/asbhp.pl\/index.php?rest_route=\/wp\/v2\/product\/24686","targetHints":{"allow":["GET"]}}],"collection":[{"href":"https:\/\/asbhp.pl\/index.php?rest_route=\/wp\/v2\/product"}],"about":[{"href":"https:\/\/asbhp.pl\/index.php?rest_route=\/wp\/v2\/types\/product"}],"replies":[{"embeddable":true,"href":"https:\/\/asbhp.pl\/index.php?rest_route=%2Fwp%2Fv2%2Fcomments&post=24686"}],"wp:featuredmedia":[{"embeddable":true,"href":"https:\/\/asbhp.pl\/index.php?rest_route=\/wp\/v2\/media\/24687"}],"wp:attachment":[{"href":"https:\/\/asbhp.pl\/index.php?rest_route=%2Fwp%2Fv2%2Fmedia&parent=24686"}],"wp:term":[{"taxonomy":"product_brand","embeddable":true,"href":"https:\/\/asbhp.pl\/index.php?rest_route=%2Fwp%2Fv2%2Fproduct_brand&post=24686"},{"taxonomy":"product_cat","embeddable":true,"href":"https:\/\/asbhp.pl\/index.php?rest_route=%2Fwp%2Fv2%2Fproduct_cat&post=24686"},{"taxonomy":"product_tag","embeddable":true,"href":"https:\/\/asbhp.pl\/index.php?rest_route=%2Fwp%2Fv2%2Fproduct_tag&post=24686"}],"curies":[{"name":"wp","href":"https:\/\/api.w.org\/{rel}","templated":true}]}}