{"id":24705,"date":"2025-10-10T09:16:15","date_gmt":"2025-10-10T07:16:15","guid":{"rendered":"https:\/\/asbhp.pl\/produkt\/s-zolty-5\/"},"modified":"2025-10-10T09:16:21","modified_gmt":"2025-10-10T07:16:21","slug":"s-zolty-5","status":"publish","type":"product","link":"https:\/\/asbhp.pl\/?product=s-zolty-5","title":{"rendered":"S \u017b\u00f3\u0142ty"},"content":{"rendered":"<ul>\n<li>wysokiej jako\u015bci softshell neonowy<\/li>\n<li>intensywna widzialno\u015b\u0107 &#8211; naszywane ta\u015bmy odblaskowe<\/li>\n<li>membrana odporna na wiatr i deszcz TPU 8000mm<\/li>\n<li>membrana oddychaj\u0105ca 3000 MVP<\/li>\n<li>st\u00f3jka<\/li>\n<li>odpinany kaptur<\/li>\n<li>kaptur regulowany gumk\u0105<\/li>\n<li>r\u0119kaw zako\u0144czony elastyczn\u0105 tasiemk\u0105<\/li>\n<li>3 kieszenie zapinane na zamek &#8211; 2 na poziomie pasa, 1 na poziomie klatki<\/li>\n<li>regulacja w pasie<\/li>\n<\/ul>\n","protected":false},"excerpt":{"rendered":"<p>wysokiej jako\u015bci softshell neonowy intensywna widzialno\u015b\u0107 &#8211; naszywane ta\u015bmy odblaskowe membrana odporna na wiatr i deszcz TPU 8000mm membrana oddychaj\u0105ca 3000 MVP st\u00f3jka odpinany kaptur kaptur regulowany gumk\u0105 r\u0119kaw zako\u0144czony elastyczn\u0105 tasiemk\u0105 3 kieszenie zapinane na zamek &#8211; 2 na poziomie pasa, 1 na poziomie klatki regulacja w pasie<\/p>\n","protected":false},"featured_media":24706,"comment_status":"closed","ping_status":"open","template":"","meta":[],"product_brand":[416],"product_cat":[1063,440],"product_tag":[],"class_list":{"0":"post-24705","1":"product","2":"type-product","3":"status-publish","4":"has-post-thumbnail","6":"product_brand-stalco","7":"product_cat-kurtki-odblaskowe-softshellowe","8":"product_cat-odziez-robocza","9":"pa_kolor-pomaranczowy","10":"pa_kolor-zolty","11":"pa_producent-stalco","12":"pa_rozmiar-2xl","13":"pa_rozmiar-3xl","14":"pa_rozmiar-l","15":"pa_rozmiar-m","16":"pa_rozmiar-s","17":"pa_rozmiar-xl","18":"pa_waga-0-83","19":"pa_waga-0-85","20":"pa_waga-0-86","21":"pa_waga-0-9","22":"pa_waga-0-94","23":"pa_waga-0-98","24":"pa_waga-467","26":"first","27":"instock","28":"shipping-taxable","29":"purchasable","30":"product-type-variable","31":"has-default-attributes"},"_links":{"self":[{"href":"https:\/\/asbhp.pl\/index.php?rest_route=\/wp\/v2\/product\/24705","targetHints":{"allow":["GET"]}}],"collection":[{"href":"https:\/\/asbhp.pl\/index.php?rest_route=\/wp\/v2\/product"}],"about":[{"href":"https:\/\/asbhp.pl\/index.php?rest_route=\/wp\/v2\/types\/product"}],"replies":[{"embeddable":true,"href":"https:\/\/asbhp.pl\/index.php?rest_route=%2Fwp%2Fv2%2Fcomments&post=24705"}],"wp:featuredmedia":[{"embeddable":true,"href":"https:\/\/asbhp.pl\/index.php?rest_route=\/wp\/v2\/media\/24706"}],"wp:attachment":[{"href":"https:\/\/asbhp.pl\/index.php?rest_route=%2Fwp%2Fv2%2Fmedia&parent=24705"}],"wp:term":[{"taxonomy":"product_brand","embeddable":true,"href":"https:\/\/asbhp.pl\/index.php?rest_route=%2Fwp%2Fv2%2Fproduct_brand&post=24705"},{"taxonomy":"product_cat","embeddable":true,"href":"https:\/\/asbhp.pl\/index.php?rest_route=%2Fwp%2Fv2%2Fproduct_cat&post=24705"},{"taxonomy":"product_tag","embeddable":true,"href":"https:\/\/asbhp.pl\/index.php?rest_route=%2Fwp%2Fv2%2Fproduct_tag&post=24705"}],"curies":[{"name":"wp","href":"https:\/\/api.w.org\/{rel}","templated":true}]}}