{"id":24723,"date":"2025-10-10T09:16:15","date_gmt":"2025-10-10T07:16:15","guid":{"rendered":"https:\/\/asbhp.pl\/produkt\/s-zolty-6\/"},"modified":"2025-10-11T19:51:03","modified_gmt":"2025-10-11T17:51:03","slug":"s-zolty-6","status":"publish","type":"product","link":"https:\/\/asbhp.pl\/?product=s-zolty-6","title":{"rendered":"S \u017b\u00f3\u0142ty"},"content":{"rendered":"<ul>\n<li>lekki materia\u0142 poliestrowy<\/li>\n<li>pasy odblaskowe<\/li>\n<li>zapinana na rzep<\/li>\n<li>obszyta lam\u00f3wk\u0105<\/li>\n<\/ul>\n","protected":false},"excerpt":{"rendered":"<p>lekki materia\u0142 poliestrowy pasy odblaskowe zapinana na rzep obszyta lam\u00f3wk\u0105<\/p>\n","protected":false},"featured_media":24724,"comment_status":"closed","ping_status":"open","template":"","meta":[],"product_brand":[416],"product_cat":[1062],"product_tag":[],"class_list":{"0":"post-24723","1":"product","2":"type-product","3":"status-publish","4":"has-post-thumbnail","6":"product_brand-stalco","7":"product_cat-kamizelki-odblaskowe","8":"pa_kolor-pomaranczowy","9":"pa_kolor-zolty","10":"pa_producent-stalco","11":"pa_rozmiar-2xl","12":"pa_rozmiar-3xl","13":"pa_rozmiar-l","14":"pa_rozmiar-m","15":"pa_rozmiar-s","16":"pa_rozmiar-xl","17":"pa_waga-0-117","18":"pa_waga-0-123","19":"pa_waga-0-125","20":"pa_waga-0-127","21":"pa_waga-0-128","22":"pa_waga-0-135","23":"pa_waga-0-139","24":"pa_waga-0-142","26":"first","27":"instock","28":"shipping-taxable","29":"purchasable","30":"product-type-variable","31":"has-default-attributes"},"_links":{"self":[{"href":"https:\/\/asbhp.pl\/index.php?rest_route=\/wp\/v2\/product\/24723","targetHints":{"allow":["GET"]}}],"collection":[{"href":"https:\/\/asbhp.pl\/index.php?rest_route=\/wp\/v2\/product"}],"about":[{"href":"https:\/\/asbhp.pl\/index.php?rest_route=\/wp\/v2\/types\/product"}],"replies":[{"embeddable":true,"href":"https:\/\/asbhp.pl\/index.php?rest_route=%2Fwp%2Fv2%2Fcomments&post=24723"}],"wp:featuredmedia":[{"embeddable":true,"href":"https:\/\/asbhp.pl\/index.php?rest_route=\/wp\/v2\/media\/24724"}],"wp:attachment":[{"href":"https:\/\/asbhp.pl\/index.php?rest_route=%2Fwp%2Fv2%2Fmedia&parent=24723"}],"wp:term":[{"taxonomy":"product_brand","embeddable":true,"href":"https:\/\/asbhp.pl\/index.php?rest_route=%2Fwp%2Fv2%2Fproduct_brand&post=24723"},{"taxonomy":"product_cat","embeddable":true,"href":"https:\/\/asbhp.pl\/index.php?rest_route=%2Fwp%2Fv2%2Fproduct_cat&post=24723"},{"taxonomy":"product_tag","embeddable":true,"href":"https:\/\/asbhp.pl\/index.php?rest_route=%2Fwp%2Fv2%2Fproduct_tag&post=24723"}],"curies":[{"name":"wp","href":"https:\/\/api.w.org\/{rel}","templated":true}]}}