{"id":24748,"date":"2025-10-10T09:16:21","date_gmt":"2025-10-10T07:16:21","guid":{"rendered":"https:\/\/asbhp.pl\/produkt\/s-zolty-7\/"},"modified":"2025-10-10T09:16:25","modified_gmt":"2025-10-10T07:16:25","slug":"s-zolty-7","status":"publish","type":"product","link":"https:\/\/asbhp.pl\/?product=s-zolty-7","title":{"rendered":"S \u017b\u00f3\u0142ty"},"content":{"rendered":"<ul>\n<li>materia\u0142 neonowy z bawe\u0142n\u0105<\/li>\n<li>uniwersalny kr\u00f3j typu PILOT<\/li>\n<li>odpinany ko\u0142nierz<\/li>\n<li>odpinana podpinka<\/li>\n<li>r\u0119kawy i d\u00f3\u0142 kurtki zako\u0144czone \u015bciagaczem<\/li>\n<li>odpinane r\u0119kawy<\/li>\n<li>elementy kontrastowe<\/li>\n<li>elementy odblaskowe<\/li>\n<li>liczne, wielofunkcyjne kieszenie<\/li>\n<li>regulacja pasa i do\u0142u sznurkami ze stoperami<\/li>\n<\/ul>\n","protected":false},"excerpt":{"rendered":"<p>materia\u0142 neonowy z bawe\u0142n\u0105 uniwersalny kr\u00f3j typu PILOT odpinany ko\u0142nierz odpinana podpinka r\u0119kawy i d\u00f3\u0142 kurtki zako\u0144czone \u015bciagaczem odpinane r\u0119kawy elementy kontrastowe elementy odblaskowe liczne, wielofunkcyjne kieszenie regulacja pasa i do\u0142u sznurkami ze stoperami<\/p>\n","protected":false},"featured_media":24749,"comment_status":"closed","ping_status":"open","template":"","meta":[],"product_brand":[416],"product_cat":[1047,440],"product_tag":[],"class_list":{"0":"post-24748","1":"product","2":"type-product","3":"status-publish","4":"has-post-thumbnail","6":"product_brand-stalco","7":"product_cat-kurtki-odblaskowe-ocieplane","8":"product_cat-odziez-robocza","9":"pa_kolor-pomaranczowy","10":"pa_kolor-zolty","11":"pa_producent-stalco","12":"pa_rozmiar-2xl","13":"pa_rozmiar-3xl","14":"pa_rozmiar-l","15":"pa_rozmiar-m","16":"pa_rozmiar-s","17":"pa_rozmiar-xl","18":"pa_waga-1-58","19":"pa_waga-1-63","20":"pa_waga-1-7","21":"pa_waga-1-75","22":"pa_waga-1-8","23":"pa_waga-1-85","24":"pa_waga-870","26":"first","27":"instock","28":"shipping-taxable","29":"purchasable","30":"product-type-variable","31":"has-default-attributes"},"_links":{"self":[{"href":"https:\/\/asbhp.pl\/index.php?rest_route=\/wp\/v2\/product\/24748","targetHints":{"allow":["GET"]}}],"collection":[{"href":"https:\/\/asbhp.pl\/index.php?rest_route=\/wp\/v2\/product"}],"about":[{"href":"https:\/\/asbhp.pl\/index.php?rest_route=\/wp\/v2\/types\/product"}],"replies":[{"embeddable":true,"href":"https:\/\/asbhp.pl\/index.php?rest_route=%2Fwp%2Fv2%2Fcomments&post=24748"}],"wp:featuredmedia":[{"embeddable":true,"href":"https:\/\/asbhp.pl\/index.php?rest_route=\/wp\/v2\/media\/24749"}],"wp:attachment":[{"href":"https:\/\/asbhp.pl\/index.php?rest_route=%2Fwp%2Fv2%2Fmedia&parent=24748"}],"wp:term":[{"taxonomy":"product_brand","embeddable":true,"href":"https:\/\/asbhp.pl\/index.php?rest_route=%2Fwp%2Fv2%2Fproduct_brand&post=24748"},{"taxonomy":"product_cat","embeddable":true,"href":"https:\/\/asbhp.pl\/index.php?rest_route=%2Fwp%2Fv2%2Fproduct_cat&post=24748"},{"taxonomy":"product_tag","embeddable":true,"href":"https:\/\/asbhp.pl\/index.php?rest_route=%2Fwp%2Fv2%2Fproduct_tag&post=24748"}],"curies":[{"name":"wp","href":"https:\/\/api.w.org\/{rel}","templated":true}]}}