{"id":24765,"date":"2025-10-10T09:16:21","date_gmt":"2025-10-10T07:16:21","guid":{"rendered":"https:\/\/asbhp.pl\/produkt\/s-zolty-8\/"},"modified":"2025-10-10T09:16:25","modified_gmt":"2025-10-10T07:16:25","slug":"s-zolty-8","status":"publish","type":"product","link":"https:\/\/asbhp.pl\/?product=s-zolty-8","title":{"rendered":"S \u017b\u00f3\u0142ty"},"content":{"rendered":"<ul>\n<li>odzie\u017c ostrzegawcza &#8211; elementy kontrastowe i odblaskowe ta\u015bmy<\/li>\n<li>materia\u0142 OXFORD 300D<\/li>\n<li>materia\u0142 wodoochronny<\/li>\n<li>klejone szwy<\/li>\n<li>podszewka ocieplana<\/li>\n<li>kaptur ze sznurkiem chowany w st\u00f3jce<\/li>\n<li>podw\u00f3jne makiety<\/li>\n<li>masywny, kostkowy zamek zabezpieczony listw\u0105<\/li>\n<li>rozpinana podszewka &#8211; mo\u017cliwo\u015b\u0107 logowania<\/li>\n<li>kiesze\u0144 napoleo\u0144ska na zamek<\/li>\n<li>2 kieszenie z patkami<\/li>\n<\/ul>\n","protected":false},"excerpt":{"rendered":"<p>odzie\u017c ostrzegawcza &#8211; elementy kontrastowe i odblaskowe ta\u015bmy materia\u0142 OXFORD 300D materia\u0142 wodoochronny klejone szwy podszewka ocieplana kaptur ze sznurkiem chowany w st\u00f3jce podw\u00f3jne makiety masywny, kostkowy zamek zabezpieczony listw\u0105 rozpinana podszewka &#8211; mo\u017cliwo\u015b\u0107 logowania kiesze\u0144 napoleo\u0144ska na zamek 2 kieszenie z patkami<\/p>\n","protected":false},"featured_media":24766,"comment_status":"closed","ping_status":"open","template":"","meta":[],"product_brand":[416],"product_cat":[1047,440],"product_tag":[],"class_list":{"0":"post-24765","1":"product","2":"type-product","3":"status-publish","4":"has-post-thumbnail","6":"product_brand-stalco","7":"product_cat-kurtki-odblaskowe-ocieplane","8":"product_cat-odziez-robocza","9":"pa_kolor-pomaranczowy","10":"pa_kolor-zolty","11":"pa_producent-stalco","12":"pa_rozmiar-2xl","13":"pa_rozmiar-3xl","14":"pa_rozmiar-l","15":"pa_rozmiar-m","16":"pa_rozmiar-s","17":"pa_rozmiar-xl","18":"pa_waga-0-97","19":"pa_waga-1-03","20":"pa_waga-1-07","21":"pa_waga-1-1","22":"pa_waga-1-14","23":"pa_waga-1-2","24":"pa_waga-1-3","25":"pa_waga-1-35","26":"pa_waga-1-37","27":"pa_waga-1-4","28":"pa_waga-1-43","30":"first","31":"instock","32":"shipping-taxable","33":"purchasable","34":"product-type-variable","35":"has-default-attributes"},"_links":{"self":[{"href":"https:\/\/asbhp.pl\/index.php?rest_route=\/wp\/v2\/product\/24765","targetHints":{"allow":["GET"]}}],"collection":[{"href":"https:\/\/asbhp.pl\/index.php?rest_route=\/wp\/v2\/product"}],"about":[{"href":"https:\/\/asbhp.pl\/index.php?rest_route=\/wp\/v2\/types\/product"}],"replies":[{"embeddable":true,"href":"https:\/\/asbhp.pl\/index.php?rest_route=%2Fwp%2Fv2%2Fcomments&post=24765"}],"wp:featuredmedia":[{"embeddable":true,"href":"https:\/\/asbhp.pl\/index.php?rest_route=\/wp\/v2\/media\/24766"}],"wp:attachment":[{"href":"https:\/\/asbhp.pl\/index.php?rest_route=%2Fwp%2Fv2%2Fmedia&parent=24765"}],"wp:term":[{"taxonomy":"product_brand","embeddable":true,"href":"https:\/\/asbhp.pl\/index.php?rest_route=%2Fwp%2Fv2%2Fproduct_brand&post=24765"},{"taxonomy":"product_cat","embeddable":true,"href":"https:\/\/asbhp.pl\/index.php?rest_route=%2Fwp%2Fv2%2Fproduct_cat&post=24765"},{"taxonomy":"product_tag","embeddable":true,"href":"https:\/\/asbhp.pl\/index.php?rest_route=%2Fwp%2Fv2%2Fproduct_tag&post=24765"}],"curies":[{"name":"wp","href":"https:\/\/api.w.org\/{rel}","templated":true}]}}