{"id":24782,"date":"2025-10-10T09:16:21","date_gmt":"2025-10-10T07:16:21","guid":{"rendered":"https:\/\/asbhp.pl\/produkt\/s-zolty-9\/"},"modified":"2025-10-10T09:16:25","modified_gmt":"2025-10-10T07:16:25","slug":"s-zolty-9","status":"publish","type":"product","link":"https:\/\/asbhp.pl\/?product=s-zolty-9","title":{"rendered":"S \u017b\u00f3\u0142ty"},"content":{"rendered":"<ul>\n<li>odzie\u017c ostrzegawcza &#8211; elementy kontrastowe i odblaskowe<\/li>\n<li>podw\u00f3jna kurtka o mo\u017cliwo\u015bci\u00a0<\/li>\n<li>5 kombinacji<\/li>\n<li>materia\u0142 OXFORD 300D<\/li>\n<li>materia\u0142 wodochronny<\/li>\n<li>klejone szwy<\/li>\n<li>podszewka ocieplana &#8211; kurtka wewn\u0119trzna<\/li>\n<li>kaptur ze sznurkiem chowany w st\u00f3jce<\/li>\n<li>podw\u00f3jne makiety<\/li>\n<li>odpinane r\u0119kawy kurtki wewn\u0119trznej<\/li>\n<li>9 kieszeni w kurtce wierzchniej\u00a0<\/li>\n<li>i spodniej \u0142\u0105cznie<\/li>\n<li>regulacja w pasie i do\u0142u sznurkami\u00a0<\/li>\n<li>ze stoperami kurtki wierzchniej<\/li>\n<li>liczba pra\u0144 MAX 25x<\/li>\n<li>Kategoria II<\/li>\n<li>EN ISO 13688,\u00a0<\/li>\n<li>EN ISO 20471 klasa 3,\u00a0<\/li>\n<li>EN 343 klasa 3\/1<\/li>\n<\/ul>\n","protected":false},"excerpt":{"rendered":"<p>odzie\u017c ostrzegawcza &#8211; elementy kontrastowe i odblaskowe podw\u00f3jna kurtka o mo\u017cliwo\u015bci\u00a0 5 kombinacji materia\u0142 OXFORD 300D materia\u0142 wodochronny klejone szwy podszewka ocieplana &#8211; kurtka wewn\u0119trzna kaptur ze sznurkiem chowany w st\u00f3jce podw\u00f3jne makiety odpinane r\u0119kawy kurtki wewn\u0119trznej 9 kieszeni w kurtce wierzchniej\u00a0 i spodniej \u0142\u0105cznie regulacja w pasie i do\u0142u sznurkami\u00a0 ze stoperami kurtki wierzchniej [&hellip;]<\/p>\n","protected":false},"featured_media":24783,"comment_status":"closed","ping_status":"open","template":"","meta":[],"product_brand":[416],"product_cat":[1047,440],"product_tag":[],"class_list":{"0":"post-24782","1":"product","2":"type-product","3":"status-publish","4":"has-post-thumbnail","6":"product_brand-stalco","7":"product_cat-kurtki-odblaskowe-ocieplane","8":"product_cat-odziez-robocza","9":"pa_kolor-pomaranczowy","10":"pa_kolor-zolty","11":"pa_producent-stalco","12":"pa_rozmiar-2xl","13":"pa_rozmiar-3xl","14":"pa_rozmiar-l","15":"pa_rozmiar-m","16":"pa_rozmiar-s","17":"pa_rozmiar-xl","18":"pa_waga-1-6","19":"pa_waga-1-7","20":"pa_waga-1-78","21":"pa_waga-1-8","22":"pa_waga-1-83","23":"pa_waga-1-9","24":"pa_waga-1-96","25":"pa_waga-870","26":"pa_waga-2-1","28":"first","29":"instock","30":"shipping-taxable","31":"purchasable","32":"product-type-variable","33":"has-default-attributes"},"_links":{"self":[{"href":"https:\/\/asbhp.pl\/index.php?rest_route=\/wp\/v2\/product\/24782","targetHints":{"allow":["GET"]}}],"collection":[{"href":"https:\/\/asbhp.pl\/index.php?rest_route=\/wp\/v2\/product"}],"about":[{"href":"https:\/\/asbhp.pl\/index.php?rest_route=\/wp\/v2\/types\/product"}],"replies":[{"embeddable":true,"href":"https:\/\/asbhp.pl\/index.php?rest_route=%2Fwp%2Fv2%2Fcomments&post=24782"}],"wp:featuredmedia":[{"embeddable":true,"href":"https:\/\/asbhp.pl\/index.php?rest_route=\/wp\/v2\/media\/24783"}],"wp:attachment":[{"href":"https:\/\/asbhp.pl\/index.php?rest_route=%2Fwp%2Fv2%2Fmedia&parent=24782"}],"wp:term":[{"taxonomy":"product_brand","embeddable":true,"href":"https:\/\/asbhp.pl\/index.php?rest_route=%2Fwp%2Fv2%2Fproduct_brand&post=24782"},{"taxonomy":"product_cat","embeddable":true,"href":"https:\/\/asbhp.pl\/index.php?rest_route=%2Fwp%2Fv2%2Fproduct_cat&post=24782"},{"taxonomy":"product_tag","embeddable":true,"href":"https:\/\/asbhp.pl\/index.php?rest_route=%2Fwp%2Fv2%2Fproduct_tag&post=24782"}],"curies":[{"name":"wp","href":"https:\/\/api.w.org\/{rel}","templated":true}]}}