{"id":24807,"date":"2025-10-10T09:17:03","date_gmt":"2025-10-10T07:17:03","guid":{"rendered":"https:\/\/asbhp.pl\/produkt\/t-shirt-meski-bono-painter-czarny-3xl-stalco-s090696030\/"},"modified":"2025-10-10T09:17:05","modified_gmt":"2025-10-10T07:17:05","slug":"3xl-czarny","status":"publish","type":"product","link":"https:\/\/asbhp.pl\/?product=3xl-czarny","title":{"rendered":"3XL Czarny"},"content":{"rendered":"<ul>\n<li style=\"box-sizing: border-box; padding: 0px; margin: 0px; list-style: disc;\">naturalna dzianina bawe\u0142niana<\/li>\n<li style=\"box-sizing: border-box; padding: 0px; margin: 0px; list-style: disc;\">dzianina jedno\u0142o\u017cyskowa &#8211; single jersey<\/li>\n<li style=\"box-sizing: border-box; padding: 0px; margin: 0px; list-style: disc;\">ciekawy nadruk z wypuk\u0142ym PUFF<\/li>\n<li style=\"box-sizing: border-box; padding: 0px; margin: 0px; list-style: disc;\">klasyczny kr\u00f3j z kr\u00f3tkim r\u0119kawem<\/li>\n<li style=\"box-sizing: border-box; padding: 0px; margin: 0px; list-style: disc;\">dost\u0119pna w 3 wersjach kolorystycznych<\/li>\n<li style=\"box-sizing: border-box; padding: 0px; margin: 0px; list-style: disc;\">idealne w komplecie ze spodniami STINGER i PAINTER<\/li>\n<\/ul>\n","protected":false},"excerpt":{"rendered":"<p>naturalna dzianina bawe\u0142niana dzianina jedno\u0142o\u017cyskowa &#8211; single jersey ciekawy nadruk z wypuk\u0142ym PUFF klasyczny kr\u00f3j z kr\u00f3tkim r\u0119kawem dost\u0119pna w 3 wersjach kolorystycznych idealne w komplecie ze spodniami STINGER i PAINTER<\/p>\n","protected":false},"featured_media":25061,"comment_status":"closed","ping_status":"open","template":"","meta":[],"product_brand":[416],"product_cat":[629,440,630],"product_tag":[],"class_list":{"0":"post-24807","1":"product","2":"type-product","3":"status-publish","4":"has-post-thumbnail","6":"product_brand-stalco","7":"product_cat-koszulki-2","8":"product_cat-odziez-robocza","9":"product_cat-t-shirty","10":"pa_producent-stalco","11":"pa_waga-0-204","13":"first","14":"instock","15":"shipping-taxable","16":"purchasable","17":"product-type-simple"},"_links":{"self":[{"href":"https:\/\/asbhp.pl\/index.php?rest_route=\/wp\/v2\/product\/24807","targetHints":{"allow":["GET"]}}],"collection":[{"href":"https:\/\/asbhp.pl\/index.php?rest_route=\/wp\/v2\/product"}],"about":[{"href":"https:\/\/asbhp.pl\/index.php?rest_route=\/wp\/v2\/types\/product"}],"replies":[{"embeddable":true,"href":"https:\/\/asbhp.pl\/index.php?rest_route=%2Fwp%2Fv2%2Fcomments&post=24807"}],"wp:featuredmedia":[{"embeddable":true,"href":"https:\/\/asbhp.pl\/index.php?rest_route=\/wp\/v2\/media\/25061"}],"wp:attachment":[{"href":"https:\/\/asbhp.pl\/index.php?rest_route=%2Fwp%2Fv2%2Fmedia&parent=24807"}],"wp:term":[{"taxonomy":"product_brand","embeddable":true,"href":"https:\/\/asbhp.pl\/index.php?rest_route=%2Fwp%2Fv2%2Fproduct_brand&post=24807"},{"taxonomy":"product_cat","embeddable":true,"href":"https:\/\/asbhp.pl\/index.php?rest_route=%2Fwp%2Fv2%2Fproduct_cat&post=24807"},{"taxonomy":"product_tag","embeddable":true,"href":"https:\/\/asbhp.pl\/index.php?rest_route=%2Fwp%2Fv2%2Fproduct_tag&post=24807"}],"curies":[{"name":"wp","href":"https:\/\/api.w.org\/{rel}","templated":true}]}}