{"id":24916,"date":"2025-10-10T09:17:03","date_gmt":"2025-10-10T07:17:03","guid":{"rendered":"https:\/\/asbhp.pl\/produkt\/trzewik-marcus-high-s1-roz-47-stalco-s092211256\/"},"modified":"2025-10-10T09:17:22","modified_gmt":"2025-10-10T07:17:22","slug":"47-2","status":"publish","type":"product","link":"https:\/\/asbhp.pl\/?product=47-2","title":{"rendered":"47"},"content":{"rendered":"<ul>\n<li>cholewka sk\u00f3rzana zamszowa + siatka Oxford<\/li>\n<li>podeszwa PU\/PU<\/li>\n<li>stalowy\u00a0 podnosek<\/li>\n<li>zabudowana pi\u0119ta<\/li>\n<li>super lekkie<\/li>\n<li>wk\u0142adka EVA<\/li>\n<li>absorbcja energii w cz\u0119\u015bci pi\u0119towej<\/li>\n<li>uchwyt ta\u015bmowy do \u0142atwego zak\u0142adania buta\n<ul><\/ul>\n<\/li>\n<li>w\u0142a\u015bciwo\u015bci olejoodporne, antypo\u015blizgowe oraz antystatyczne<\/li>\n<li>Kategoria ochrony: II<\/li>\n<li>EN ISO 20345<\/li>\n<li>S1 FO SR<\/li>\n<\/ul>\n","protected":false},"excerpt":{"rendered":"<p>cholewka sk\u00f3rzana zamszowa + siatka Oxford podeszwa PU\/PU stalowy\u00a0 podnosek zabudowana pi\u0119ta super lekkie wk\u0142adka EVA absorbcja energii w cz\u0119\u015bci pi\u0119towej uchwyt ta\u015bmowy do \u0142atwego zak\u0142adania buta w\u0142a\u015bciwo\u015bci olejoodporne, antypo\u015blizgowe oraz antystatyczne Kategoria ochrony: II EN ISO 20345 S1 FO SR<\/p>\n","protected":false},"featured_media":25136,"comment_status":"closed","ping_status":"open","template":"","meta":[],"product_brand":[483],"product_cat":[21,840],"product_tag":[],"class_list":{"0":"post-24916","1":"product","2":"type-product","3":"status-publish","4":"has-post-thumbnail","6":"product_brand-stalco-perfect","7":"product_cat-obuwie-robocze","8":"product_cat-trzewiki","9":"pa_producent-stalco-perfect","11":"first","12":"instock","13":"shipping-taxable","14":"purchasable","15":"product-type-simple"},"_links":{"self":[{"href":"https:\/\/asbhp.pl\/index.php?rest_route=\/wp\/v2\/product\/24916","targetHints":{"allow":["GET"]}}],"collection":[{"href":"https:\/\/asbhp.pl\/index.php?rest_route=\/wp\/v2\/product"}],"about":[{"href":"https:\/\/asbhp.pl\/index.php?rest_route=\/wp\/v2\/types\/product"}],"replies":[{"embeddable":true,"href":"https:\/\/asbhp.pl\/index.php?rest_route=%2Fwp%2Fv2%2Fcomments&post=24916"}],"wp:featuredmedia":[{"embeddable":true,"href":"https:\/\/asbhp.pl\/index.php?rest_route=\/wp\/v2\/media\/25136"}],"wp:attachment":[{"href":"https:\/\/asbhp.pl\/index.php?rest_route=%2Fwp%2Fv2%2Fmedia&parent=24916"}],"wp:term":[{"taxonomy":"product_brand","embeddable":true,"href":"https:\/\/asbhp.pl\/index.php?rest_route=%2Fwp%2Fv2%2Fproduct_brand&post=24916"},{"taxonomy":"product_cat","embeddable":true,"href":"https:\/\/asbhp.pl\/index.php?rest_route=%2Fwp%2Fv2%2Fproduct_cat&post=24916"},{"taxonomy":"product_tag","embeddable":true,"href":"https:\/\/asbhp.pl\/index.php?rest_route=%2Fwp%2Fv2%2Fproduct_tag&post=24916"}],"curies":[{"name":"wp","href":"https:\/\/api.w.org\/{rel}","templated":true}]}}