{"id":24928,"date":"2025-10-10T09:17:03","date_gmt":"2025-10-10T07:17:03","guid":{"rendered":"https:\/\/asbhp.pl\/produkt\/rekawice-skorzane-s-skin-weld-11-stalco-s093357333\/"},"modified":"2025-10-10T09:17:24","modified_gmt":"2025-10-10T07:17:24","slug":"xl-11","status":"publish","type":"product","link":"https:\/\/asbhp.pl\/?product=xl-11","title":{"rendered":"XL-11\u201d"},"content":{"rendered":"<ul>\n<li>przeznaczone dla spawaczy<\/li>\n<li>kozia sk\u00f3ra<\/li>\n<li>mankiet z dwoiny bydl\u0119cej\u00a0<\/li>\n<li>szyte ni\u0107mi KEVLAR<\/li>\n<li>bez podszewki\u00a0<\/li>\n<li>do precyzyjnych zada\u0144<\/li>\n<li>podw\u00f3jne przeszycie na palcu wskazuj\u0105cym<\/li>\n<li>ochrona przed zagro\u017ceniami mechanicznymi i termicznymi<\/li>\n<li>ca\u0142kowita d\u0142ugo\u015b\u0107 r\u0119kawicy wynosi 35 cm<\/li>\n<\/ul>\n","protected":false},"excerpt":{"rendered":"<p>przeznaczone dla spawaczy kozia sk\u00f3ra mankiet z dwoiny bydl\u0119cej\u00a0 szyte ni\u0107mi KEVLAR bez podszewki\u00a0 do precyzyjnych zada\u0144 podw\u00f3jne przeszycie na palcu wskazuj\u0105cym ochrona przed zagro\u017ceniami mechanicznymi i termicznymi ca\u0142kowita d\u0142ugo\u015b\u0107 r\u0119kawicy wynosi 35 cm<\/p>\n","protected":false},"featured_media":25144,"comment_status":"closed","ping_status":"open","template":"","meta":[],"product_brand":[416],"product_cat":[97,979,989],"product_tag":[],"class_list":{"0":"post-24928","1":"product","2":"type-product","3":"status-publish","4":"has-post-thumbnail","6":"product_brand-stalco","7":"product_cat-rekawice","8":"product_cat-rekawice-skorzane","9":"product_cat-rekawice-skorzane-spawalnicze","10":"pa_producent-stalco","11":"pa_waga-0-16","13":"first","14":"instock","15":"shipping-taxable","16":"purchasable","17":"product-type-simple"},"_links":{"self":[{"href":"https:\/\/asbhp.pl\/index.php?rest_route=\/wp\/v2\/product\/24928","targetHints":{"allow":["GET"]}}],"collection":[{"href":"https:\/\/asbhp.pl\/index.php?rest_route=\/wp\/v2\/product"}],"about":[{"href":"https:\/\/asbhp.pl\/index.php?rest_route=\/wp\/v2\/types\/product"}],"replies":[{"embeddable":true,"href":"https:\/\/asbhp.pl\/index.php?rest_route=%2Fwp%2Fv2%2Fcomments&post=24928"}],"wp:featuredmedia":[{"embeddable":true,"href":"https:\/\/asbhp.pl\/index.php?rest_route=\/wp\/v2\/media\/25144"}],"wp:attachment":[{"href":"https:\/\/asbhp.pl\/index.php?rest_route=%2Fwp%2Fv2%2Fmedia&parent=24928"}],"wp:term":[{"taxonomy":"product_brand","embeddable":true,"href":"https:\/\/asbhp.pl\/index.php?rest_route=%2Fwp%2Fv2%2Fproduct_brand&post=24928"},{"taxonomy":"product_cat","embeddable":true,"href":"https:\/\/asbhp.pl\/index.php?rest_route=%2Fwp%2Fv2%2Fproduct_cat&post=24928"},{"taxonomy":"product_tag","embeddable":true,"href":"https:\/\/asbhp.pl\/index.php?rest_route=%2Fwp%2Fv2%2Fproduct_tag&post=24928"}],"curies":[{"name":"wp","href":"https:\/\/api.w.org\/{rel}","templated":true}]}}