{"id":24930,"date":"2025-10-10T09:16:29","date_gmt":"2025-10-10T07:16:29","guid":{"rendered":"https:\/\/asbhp.pl\/produkt\/polbut-hektor-low-s3s-esd\/"},"modified":"2025-10-10T09:16:47","modified_gmt":"2025-10-10T07:16:47","slug":"40-36","status":"publish","type":"product","link":"https:\/\/asbhp.pl\/?product=40-36","title":{"rendered":"40"},"content":{"rendered":"<ul>\n<li>cholewka z wodoodpornej mikrofibry z nadrukiem TPU<\/li>\n<li>podeszwa PU\/PU<\/li>\n<li>podeszwa\u00a0 bie\u017cnikowana<\/li>\n<li>wsparcie pi\u0119ty TPU<\/li>\n<li>absorpcja energii w obszarze pi\u0119ty<\/li>\n<li>kompozytowy podnosek\u00a0<\/li>\n<li>kompozytowa wk\u0142adka antyprzebiciowa<\/li>\n<li>ochrona przed penetracj\u0105 wody i absorpcj\u0105<\/li>\n<li>wk\u0142adka z pianki o wysokiej elastyczno\u015bci<\/li>\n<li>metal- free<\/li>\n<li>ESD \u2013\u00a0 wy\u0142adowanie elektrostatyczne\u00a0<\/li>\n<li>w\u0142a\u015bciwo\u015bci: olejoodporne, antypo\u015blizgowe<\/li>\n<\/ul>\n","protected":false},"excerpt":{"rendered":"<p>cholewka z wodoodpornej mikrofibry z nadrukiem TPU podeszwa PU\/PU podeszwa\u00a0 bie\u017cnikowana wsparcie pi\u0119ty TPU absorpcja energii w obszarze pi\u0119ty kompozytowy podnosek\u00a0 kompozytowa wk\u0142adka antyprzebiciowa ochrona przed penetracj\u0105 wody i absorpcj\u0105 wk\u0142adka z pianki o wysokiej elastyczno\u015bci metal- free ESD \u2013\u00a0 wy\u0142adowanie elektrostatyczne\u00a0 w\u0142a\u015bciwo\u015bci: olejoodporne, antypo\u015blizgowe<\/p>\n","protected":false},"featured_media":24932,"comment_status":"closed","ping_status":"open","template":"","meta":[],"product_brand":[483],"product_cat":[21,46,792],"product_tag":[],"class_list":{"0":"post-24930","1":"product","2":"type-product","3":"status-publish","4":"has-post-thumbnail","6":"product_brand-stalco-perfect","7":"product_cat-obuwie-robocze","8":"product_cat-polbuty","9":"product_cat-polbuty-robocze","10":"pa_producent-stalco-perfect","12":"first","13":"instock","14":"shipping-taxable","15":"purchasable","16":"product-type-simple"},"_links":{"self":[{"href":"https:\/\/asbhp.pl\/index.php?rest_route=\/wp\/v2\/product\/24930","targetHints":{"allow":["GET"]}}],"collection":[{"href":"https:\/\/asbhp.pl\/index.php?rest_route=\/wp\/v2\/product"}],"about":[{"href":"https:\/\/asbhp.pl\/index.php?rest_route=\/wp\/v2\/types\/product"}],"replies":[{"embeddable":true,"href":"https:\/\/asbhp.pl\/index.php?rest_route=%2Fwp%2Fv2%2Fcomments&post=24930"}],"wp:featuredmedia":[{"embeddable":true,"href":"https:\/\/asbhp.pl\/index.php?rest_route=\/wp\/v2\/media\/24932"}],"wp:attachment":[{"href":"https:\/\/asbhp.pl\/index.php?rest_route=%2Fwp%2Fv2%2Fmedia&parent=24930"}],"wp:term":[{"taxonomy":"product_brand","embeddable":true,"href":"https:\/\/asbhp.pl\/index.php?rest_route=%2Fwp%2Fv2%2Fproduct_brand&post=24930"},{"taxonomy":"product_cat","embeddable":true,"href":"https:\/\/asbhp.pl\/index.php?rest_route=%2Fwp%2Fv2%2Fproduct_cat&post=24930"},{"taxonomy":"product_tag","embeddable":true,"href":"https:\/\/asbhp.pl\/index.php?rest_route=%2Fwp%2Fv2%2Fproduct_tag&post=24930"}],"curies":[{"name":"wp","href":"https:\/\/api.w.org\/{rel}","templated":true}]}}