{"id":24968,"date":"2025-10-10T09:16:51","date_gmt":"2025-10-10T07:16:51","guid":{"rendered":"https:\/\/asbhp.pl\/produkt\/trzewik-skorzany-welder-s3l\/"},"modified":"2025-10-10T09:16:52","modified_gmt":"2025-10-10T07:16:52","slug":"40-38","status":"publish","type":"product","link":"https:\/\/asbhp.pl\/?product=40-38","title":{"rendered":"40"},"content":{"rendered":"<ul>\n<li>cholewka ze sk\u00f3ry t\u0142oczonej<\/li>\n<li>klapa z PU chroni\u0105ca przed iskrami i odpryskami<\/li>\n<li>wielowarstwowa, mi\u0119kka podszewka typu Sandwich<\/li>\n<li>podeszwa z PU\/gumy<\/li>\n<li>kompozytowy podnosek<\/li>\n<li>antyprzebiciowa wk\u0142adka Kevlarova<\/li>\n<li>wk\u0142adka do but\u00f3w z pianki typu Hi-Poly + siateczka<\/li>\n<li>absorpcja energii w obszarze pi\u0119ty<\/li>\n<li>HRO &#8211; odporno\u015b\u0107 na kontakt z gor\u0105cym pod\u0142o\u017cem<\/li>\n<li>HI &#8211; izolacja spodu but\u00f3w od ciep\u0142a<\/li>\n<li>szybko rozpinaj\u0105ca si\u0119 klamra<\/li>\n<li>podeszwa olejoodporna i antypo\u015blizgowa<\/li>\n<\/ul>\n","protected":false},"excerpt":{"rendered":"<p>cholewka ze sk\u00f3ry t\u0142oczonej klapa z PU chroni\u0105ca przed iskrami i odpryskami wielowarstwowa, mi\u0119kka podszewka typu Sandwich podeszwa z PU\/gumy kompozytowy podnosek antyprzebiciowa wk\u0142adka Kevlarova wk\u0142adka do but\u00f3w z pianki typu Hi-Poly + siateczka absorpcja energii w obszarze pi\u0119ty HRO &#8211; odporno\u015b\u0107 na kontakt z gor\u0105cym pod\u0142o\u017cem HI &#8211; izolacja spodu but\u00f3w od ciep\u0142a szybko [&hellip;]<\/p>\n","protected":false},"featured_media":24970,"comment_status":"closed","ping_status":"open","template":"","meta":[],"product_brand":[416],"product_cat":[21,840],"product_tag":[],"class_list":{"0":"post-24968","1":"product","2":"type-product","3":"status-publish","4":"has-post-thumbnail","6":"product_brand-stalco","7":"product_cat-obuwie-robocze","8":"product_cat-trzewiki","9":"pa_producent-stalco","11":"first","12":"instock","13":"shipping-taxable","14":"purchasable","15":"product-type-simple"},"_links":{"self":[{"href":"https:\/\/asbhp.pl\/index.php?rest_route=\/wp\/v2\/product\/24968","targetHints":{"allow":["GET"]}}],"collection":[{"href":"https:\/\/asbhp.pl\/index.php?rest_route=\/wp\/v2\/product"}],"about":[{"href":"https:\/\/asbhp.pl\/index.php?rest_route=\/wp\/v2\/types\/product"}],"replies":[{"embeddable":true,"href":"https:\/\/asbhp.pl\/index.php?rest_route=%2Fwp%2Fv2%2Fcomments&post=24968"}],"wp:featuredmedia":[{"embeddable":true,"href":"https:\/\/asbhp.pl\/index.php?rest_route=\/wp\/v2\/media\/24970"}],"wp:attachment":[{"href":"https:\/\/asbhp.pl\/index.php?rest_route=%2Fwp%2Fv2%2Fmedia&parent=24968"}],"wp:term":[{"taxonomy":"product_brand","embeddable":true,"href":"https:\/\/asbhp.pl\/index.php?rest_route=%2Fwp%2Fv2%2Fproduct_brand&post=24968"},{"taxonomy":"product_cat","embeddable":true,"href":"https:\/\/asbhp.pl\/index.php?rest_route=%2Fwp%2Fv2%2Fproduct_cat&post=24968"},{"taxonomy":"product_tag","embeddable":true,"href":"https:\/\/asbhp.pl\/index.php?rest_route=%2Fwp%2Fv2%2Fproduct_tag&post=24968"}],"curies":[{"name":"wp","href":"https:\/\/api.w.org\/{rel}","templated":true}]}}