{"id":25044,"date":"2025-10-10T09:16:59","date_gmt":"2025-10-10T07:16:59","guid":{"rendered":"https:\/\/asbhp.pl\/produkt\/4xl-khaki\/"},"modified":"2025-10-10T09:17:02","modified_gmt":"2025-10-10T07:17:02","slug":"spodnie-robocze-stinger-khaki-4xl-stalco-s090144734","status":"publish","type":"product","link":"https:\/\/asbhp.pl\/?product=spodnie-robocze-stinger-khaki-4xl-stalco-s090144734","title":{"rendered":"Spodnie robocze STINGER khaki 4XL STALCO S090144734"},"content":{"rendered":"<ul>\n<li>elastyczny materia\u0142 o w\u0142a\u015bciwo\u015bciach softshellu<\/li>\n<li>wysoka jako\u015b\u0107 odszycia<\/li>\n<li>potr\u00f3jne szwy wzmocnione ryglami<\/li>\n<li>4-kierunkowy stretch<\/li>\n<li>nogawki do\u0142em zako\u0144czone gumk\u0105 ze stoperem<\/li>\n<li>wentylacja &#8211; zamki z ty\u0142u z siateczk\u0105<\/li>\n<li>kieszenie na kolanach na wk\u0142adki piankowe<\/li>\n<li>9 kieszeni w tym zapinane na zamki 2 w pasie i 1 na lewej nodze<\/li>\n<li>odblaski<\/li>\n<li>gumka w pasie<\/li>\n<\/ul>\n","protected":false},"excerpt":{"rendered":"<p>elastyczny materia\u0142 o w\u0142a\u015bciwo\u015bciach softshellu wysoka jako\u015b\u0107 odszycia potr\u00f3jne szwy wzmocnione ryglami 4-kierunkowy stretch nogawki do\u0142em zako\u0144czone gumk\u0105 ze stoperem wentylacja &#8211; zamki z ty\u0142u z siateczk\u0105 kieszenie na kolanach na wk\u0142adki piankowe 9 kieszeni w tym zapinane na zamki 2 w pasie i 1 na lewej nodze odblaski gumka w pasie<\/p>\n","protected":false},"featured_media":0,"comment_status":"closed","ping_status":"open","template":"","meta":[],"product_brand":[],"product_cat":[440,442],"product_tag":[],"class_list":{"0":"post-25044","1":"product","2":"type-product","3":"status-publish","5":"product_cat-odziez-robocza","6":"product_cat-spodnie-robocze","7":"pa_waga-0-8","9":"first","10":"instock","11":"shipping-taxable","12":"purchasable","13":"product-type-simple"},"_links":{"self":[{"href":"https:\/\/asbhp.pl\/index.php?rest_route=\/wp\/v2\/product\/25044","targetHints":{"allow":["GET"]}}],"collection":[{"href":"https:\/\/asbhp.pl\/index.php?rest_route=\/wp\/v2\/product"}],"about":[{"href":"https:\/\/asbhp.pl\/index.php?rest_route=\/wp\/v2\/types\/product"}],"replies":[{"embeddable":true,"href":"https:\/\/asbhp.pl\/index.php?rest_route=%2Fwp%2Fv2%2Fcomments&post=25044"}],"wp:attachment":[{"href":"https:\/\/asbhp.pl\/index.php?rest_route=%2Fwp%2Fv2%2Fmedia&parent=25044"}],"wp:term":[{"taxonomy":"product_brand","embeddable":true,"href":"https:\/\/asbhp.pl\/index.php?rest_route=%2Fwp%2Fv2%2Fproduct_brand&post=25044"},{"taxonomy":"product_cat","embeddable":true,"href":"https:\/\/asbhp.pl\/index.php?rest_route=%2Fwp%2Fv2%2Fproduct_cat&post=25044"},{"taxonomy":"product_tag","embeddable":true,"href":"https:\/\/asbhp.pl\/index.php?rest_route=%2Fwp%2Fv2%2Fproduct_tag&post=25044"}],"curies":[{"name":"wp","href":"https:\/\/api.w.org\/{rel}","templated":true}]}}