{"id":25283,"date":"2025-10-10T09:17:32","date_gmt":"2025-10-10T07:17:32","guid":{"rendered":"https:\/\/asbhp.pl\/produkt\/polmaska-filtrujaca-z-zaworkiem-ffp3-puro-stalco-perfect-s094247239\/"},"modified":"2025-10-10T09:17:40","modified_gmt":"2025-10-10T07:17:40","slug":"polmaska-filtrujaca-z-zaworkiem-ffp3-puro-stalco-perfect-s094247239","status":"publish","type":"product","link":"https:\/\/asbhp.pl\/?product=polmaska-filtrujaca-z-zaworkiem-ffp3-puro-stalco-perfect-s094247239","title":{"rendered":"P\u00f3\u0142maska filtruj\u0105ca z zaworkiem FFP3 PURO STALCO PERFECT S094247239"},"content":{"rendered":"","protected":false},"excerpt":{"rendered":"","protected":false},"featured_media":25284,"comment_status":"closed","ping_status":"open","template":"","meta":[],"product_brand":[],"product_cat":[999,1000,1001],"product_tag":[],"class_list":{"0":"post-25283","1":"product","2":"type-product","3":"status-publish","4":"has-post-thumbnail","6":"product_cat-ochrona-drog-oddechowych","7":"product_cat-polmaski","8":"product_cat-polmaski-filtrujace-krotkiego-uzytku","9":"pa_waga-0-048","11":"first","12":"instock","13":"shipping-taxable","14":"purchasable","15":"product-type-simple"},"_links":{"self":[{"href":"https:\/\/asbhp.pl\/index.php?rest_route=\/wp\/v2\/product\/25283","targetHints":{"allow":["GET"]}}],"collection":[{"href":"https:\/\/asbhp.pl\/index.php?rest_route=\/wp\/v2\/product"}],"about":[{"href":"https:\/\/asbhp.pl\/index.php?rest_route=\/wp\/v2\/types\/product"}],"replies":[{"embeddable":true,"href":"https:\/\/asbhp.pl\/index.php?rest_route=%2Fwp%2Fv2%2Fcomments&post=25283"}],"wp:featuredmedia":[{"embeddable":true,"href":"https:\/\/asbhp.pl\/index.php?rest_route=\/wp\/v2\/media\/25284"}],"wp:attachment":[{"href":"https:\/\/asbhp.pl\/index.php?rest_route=%2Fwp%2Fv2%2Fmedia&parent=25283"}],"wp:term":[{"taxonomy":"product_brand","embeddable":true,"href":"https:\/\/asbhp.pl\/index.php?rest_route=%2Fwp%2Fv2%2Fproduct_brand&post=25283"},{"taxonomy":"product_cat","embeddable":true,"href":"https:\/\/asbhp.pl\/index.php?rest_route=%2Fwp%2Fv2%2Fproduct_cat&post=25283"},{"taxonomy":"product_tag","embeddable":true,"href":"https:\/\/asbhp.pl\/index.php?rest_route=%2Fwp%2Fv2%2Fproduct_tag&post=25283"}],"curies":[{"name":"wp","href":"https:\/\/api.w.org\/{rel}","templated":true}]}}