{"id":25309,"date":"2025-10-10T09:17:41","date_gmt":"2025-10-10T07:17:41","guid":{"rendered":"https:\/\/asbhp.pl\/produkt\/polbut-defender-low-ob-stalco-perfect\/"},"modified":"2025-10-10T09:17:44","modified_gmt":"2025-10-10T07:17:44","slug":"38-ciemny-bez","status":"publish","type":"product","link":"https:\/\/asbhp.pl\/?product=38-ciemny-bez","title":{"rendered":"38 ciemny be\u017c"},"content":{"rendered":"<ul>\n<li><span style=\"font-size: 13px;\">Podeszwa z PU i gumy<\/span><\/li>\n<li><span style=\"font-size: 13px;\">Cholewka ze sk\u00f3ry zamszowej<\/span><\/li>\n<li><span style=\"font-size: 13px;\">Wstawki materia\u0142u OXFORD<\/span><\/li>\n<li><span style=\"font-size: 13px;\">Membrana WATERPROOF w cz\u0119\u015bci cholewki<\/span><\/li>\n<li><span style=\"font-size: 13px;\">Podeszwa antypo\u015blizgowa<\/span><\/li>\n<li><span style=\"font-size: 13px;\">Podeszwa olejoodporna<\/span><\/li>\n<li><span style=\"font-size: 13px;\">Lekko\u015b\u0107&nbsp;<\/span><\/li>\n<li><span style=\"font-size: 13px;\">Wk\u0142adka z pianki EVA&nbsp;<\/span><\/li>\n<li><span style=\"font-size: 13px;\">Gumowe wstawki w okolicy pi\u0119ty i czubka buta<\/span><\/li>\n<li><span style=\"font-size: 13px;\">Miechowy j\u0119zyk<\/span><\/li>\n<\/ul>\n","protected":false},"excerpt":{"rendered":"<p>Podeszwa z PU i gumy Cholewka ze sk\u00f3ry zamszowej Wstawki materia\u0142u OXFORD Membrana WATERPROOF w cz\u0119\u015bci cholewki Podeszwa antypo\u015blizgowa Podeszwa olejoodporna Lekko\u015b\u0107&nbsp; Wk\u0142adka z pianki EVA&nbsp; Gumowe wstawki w okolicy pi\u0119ty i czubka buta Miechowy j\u0119zyk<\/p>\n","protected":false},"featured_media":25311,"comment_status":"closed","ping_status":"open","template":"","meta":[],"product_brand":[],"product_cat":[21,46,792],"product_tag":[],"class_list":{"0":"post-25309","1":"product","2":"type-product","3":"status-publish","4":"has-post-thumbnail","6":"product_cat-obuwie-robocze","7":"product_cat-polbuty","8":"product_cat-polbuty-robocze","10":"first","11":"instock","12":"shipping-taxable","13":"purchasable","14":"product-type-simple"},"_links":{"self":[{"href":"https:\/\/asbhp.pl\/index.php?rest_route=\/wp\/v2\/product\/25309","targetHints":{"allow":["GET"]}}],"collection":[{"href":"https:\/\/asbhp.pl\/index.php?rest_route=\/wp\/v2\/product"}],"about":[{"href":"https:\/\/asbhp.pl\/index.php?rest_route=\/wp\/v2\/types\/product"}],"replies":[{"embeddable":true,"href":"https:\/\/asbhp.pl\/index.php?rest_route=%2Fwp%2Fv2%2Fcomments&post=25309"}],"wp:featuredmedia":[{"embeddable":true,"href":"https:\/\/asbhp.pl\/index.php?rest_route=\/wp\/v2\/media\/25311"}],"wp:attachment":[{"href":"https:\/\/asbhp.pl\/index.php?rest_route=%2Fwp%2Fv2%2Fmedia&parent=25309"}],"wp:term":[{"taxonomy":"product_brand","embeddable":true,"href":"https:\/\/asbhp.pl\/index.php?rest_route=%2Fwp%2Fv2%2Fproduct_brand&post=25309"},{"taxonomy":"product_cat","embeddable":true,"href":"https:\/\/asbhp.pl\/index.php?rest_route=%2Fwp%2Fv2%2Fproduct_cat&post=25309"},{"taxonomy":"product_tag","embeddable":true,"href":"https:\/\/asbhp.pl\/index.php?rest_route=%2Fwp%2Fv2%2Fproduct_tag&post=25309"}],"curies":[{"name":"wp","href":"https:\/\/api.w.org\/{rel}","templated":true}]}}