{"id":25355,"date":"2025-10-10T09:17:49","date_gmt":"2025-10-10T07:17:49","guid":{"rendered":"https:\/\/asbhp.pl\/produkt\/rekawice-antystatyczne-poli-esd-stalco\/"},"modified":"2025-10-10T09:17:50","modified_gmt":"2025-10-10T07:17:50","slug":"6-14","status":"publish","type":"product","link":"https:\/\/asbhp.pl\/?product=6-14","title":{"rendered":"6"},"content":{"rendered":"<ul>\n<li><span style=\"font-size: 13px;\">Odprowadzanie \u0142adunk\u00f3w elektrostatycznych<\/span><\/li>\n<li><span style=\"font-size: 13px;\">Prz\u0119dza poliestrowa z w\u0142\u00f3knem w\u0119glowym<\/span><\/li>\n<li><span style=\"font-size: 13px;\">Elastyczno\u015b\u0107 i antystatyczno\u015b\u0107<\/span><\/li>\n<li><span style=\"font-size: 13px;\">Pow\u0142oka PU w cz\u0119\u015bci chwytnej&nbsp;<\/span><\/li>\n<li><span style=\"font-size: 13px;\">Bezszwowa konstrukcja<\/span><\/li>\n<li><span style=\"font-size: 13px;\">Odporno\u015b\u0107 na zu\u017cycie, przetarcia<\/span><\/li>\n<li><span style=\"font-size: 13px;\">Przewiewne<\/span><\/li>\n<li><span style=\"font-size: 13px;\">Bezpy\u0142owe<\/span><\/li>\n<li><span style=\"font-size: 13px;\">Idealne do pracy w \u015brodowisku wymagaj\u0105cym ESD<\/span><\/li>\n<li><span style=\"font-size: 13px;\">\u015aci\u0105gacz w nadgarstku<\/span><\/li>\n<\/ul>\n","protected":false},"excerpt":{"rendered":"<p>Odprowadzanie \u0142adunk\u00f3w elektrostatycznych Prz\u0119dza poliestrowa z w\u0142\u00f3knem w\u0119glowym Elastyczno\u015b\u0107 i antystatyczno\u015b\u0107 Pow\u0142oka PU w cz\u0119\u015bci chwytnej&nbsp; Bezszwowa konstrukcja Odporno\u015b\u0107 na zu\u017cycie, przetarcia Przewiewne Bezpy\u0142owe Idealne do pracy w \u015brodowisku wymagaj\u0105cym ESD \u015aci\u0105gacz w nadgarstku<\/p>\n","protected":false},"featured_media":25357,"comment_status":"closed","ping_status":"open","template":"","meta":[],"product_brand":[],"product_cat":[97,946,1084],"product_tag":[],"class_list":{"0":"post-25355","1":"product","2":"type-product","3":"status-publish","4":"has-post-thumbnail","6":"product_cat-rekawice","7":"product_cat-rekawice-powlekane","8":"product_cat-rekawice-powlekane-antystatyczne-i-esd","9":"pa_waga-0-02","11":"first","12":"instock","13":"shipping-taxable","14":"purchasable","15":"product-type-simple"},"_links":{"self":[{"href":"https:\/\/asbhp.pl\/index.php?rest_route=\/wp\/v2\/product\/25355","targetHints":{"allow":["GET"]}}],"collection":[{"href":"https:\/\/asbhp.pl\/index.php?rest_route=\/wp\/v2\/product"}],"about":[{"href":"https:\/\/asbhp.pl\/index.php?rest_route=\/wp\/v2\/types\/product"}],"replies":[{"embeddable":true,"href":"https:\/\/asbhp.pl\/index.php?rest_route=%2Fwp%2Fv2%2Fcomments&post=25355"}],"wp:featuredmedia":[{"embeddable":true,"href":"https:\/\/asbhp.pl\/index.php?rest_route=\/wp\/v2\/media\/25357"}],"wp:attachment":[{"href":"https:\/\/asbhp.pl\/index.php?rest_route=%2Fwp%2Fv2%2Fmedia&parent=25355"}],"wp:term":[{"taxonomy":"product_brand","embeddable":true,"href":"https:\/\/asbhp.pl\/index.php?rest_route=%2Fwp%2Fv2%2Fproduct_brand&post=25355"},{"taxonomy":"product_cat","embeddable":true,"href":"https:\/\/asbhp.pl\/index.php?rest_route=%2Fwp%2Fv2%2Fproduct_cat&post=25355"},{"taxonomy":"product_tag","embeddable":true,"href":"https:\/\/asbhp.pl\/index.php?rest_route=%2Fwp%2Fv2%2Fproduct_tag&post=25355"}],"curies":[{"name":"wp","href":"https:\/\/api.w.org\/{rel}","templated":true}]}}