{"id":25368,"date":"2025-10-10T09:17:49","date_gmt":"2025-10-10T07:17:49","guid":{"rendered":"https:\/\/asbhp.pl\/produkt\/rekawice-antystatyczne-poli-f-esd-stalco\/"},"modified":"2025-10-10T09:17:52","modified_gmt":"2025-10-10T07:17:52","slug":"6-15","status":"publish","type":"product","link":"https:\/\/asbhp.pl\/?product=6-15","title":{"rendered":"6"},"content":{"rendered":"<div><span style=\"font-size: 13px;\">\u2022<span style=\"white-space:pre\">\t<\/span>Odprowadzanie \u0142adunk\u00f3w elektrostatycznych<\/span><\/div>\n<div><span style=\"font-size: 13px;\">\u2022<span style=\"white-space:pre\">\t<\/span>Prz\u0119dza poliestrowa z w\u0142\u00f3knem w\u0119glowym<\/span><\/div>\n<div><span style=\"font-size: 13px;\">\u2022<span style=\"white-space:pre\">\t<\/span>Elastyczno\u015b\u0107 i antystatyczno\u015b\u0107<\/span><\/div>\n<div><span style=\"font-size: 13px;\">\u2022<span style=\"white-space:pre\">\t<\/span>Pow\u0142oka PU na palcach&nbsp;<\/span><\/div>\n<div><span style=\"font-size: 13px;\">\u2022<span style=\"white-space:pre\">\t<\/span>Bezszwowa konstrukcja<\/span><\/div>\n<div><span style=\"font-size: 13px;\">\u2022<span style=\"white-space:pre\">\t<\/span>Odporno\u015b\u0107 na zu\u017cycie, przetarcia<\/span><\/div>\n<div><span style=\"font-size: 13px;\">\u2022<span style=\"white-space:pre\">\t<\/span>Przewiewne<\/span><\/div>\n<div><span style=\"font-size: 13px;\">\u2022<span style=\"white-space:pre\">\t<\/span>Bezpy\u0142owe<\/span><\/div>\n<div><span style=\"font-size: 13px;\">\u2022<span style=\"white-space:pre\">\t<\/span>Idealne do pracy w \u015brodowisku wymagaj\u0105cym ESD<\/span><\/div>\n<div><span style=\"font-size: 13px;\">\u2022<span style=\"white-space:pre\">\t<\/span>\u015aci\u0105gacz w nadgarstku<\/span><\/div>\n","protected":false},"excerpt":{"rendered":"<p>\u2022 Odprowadzanie \u0142adunk\u00f3w elektrostatycznych \u2022 Prz\u0119dza poliestrowa z w\u0142\u00f3knem w\u0119glowym \u2022 Elastyczno\u015b\u0107 i antystatyczno\u015b\u0107 \u2022 Pow\u0142oka PU na palcach&nbsp; \u2022 Bezszwowa konstrukcja \u2022 Odporno\u015b\u0107 na zu\u017cycie, przetarcia \u2022 Przewiewne \u2022 Bezpy\u0142owe \u2022 Idealne do pracy w \u015brodowisku wymagaj\u0105cym ESD \u2022 \u015aci\u0105gacz w nadgarstku<\/p>\n","protected":false},"featured_media":25370,"comment_status":"closed","ping_status":"open","template":"","meta":[],"product_brand":[],"product_cat":[97,946,1084],"product_tag":[],"class_list":{"0":"post-25368","1":"product","2":"type-product","3":"status-publish","4":"has-post-thumbnail","6":"product_cat-rekawice","7":"product_cat-rekawice-powlekane","8":"product_cat-rekawice-powlekane-antystatyczne-i-esd","9":"pa_waga-0-018","11":"first","12":"instock","13":"shipping-taxable","14":"purchasable","15":"product-type-simple"},"_links":{"self":[{"href":"https:\/\/asbhp.pl\/index.php?rest_route=\/wp\/v2\/product\/25368","targetHints":{"allow":["GET"]}}],"collection":[{"href":"https:\/\/asbhp.pl\/index.php?rest_route=\/wp\/v2\/product"}],"about":[{"href":"https:\/\/asbhp.pl\/index.php?rest_route=\/wp\/v2\/types\/product"}],"replies":[{"embeddable":true,"href":"https:\/\/asbhp.pl\/index.php?rest_route=%2Fwp%2Fv2%2Fcomments&post=25368"}],"wp:featuredmedia":[{"embeddable":true,"href":"https:\/\/asbhp.pl\/index.php?rest_route=\/wp\/v2\/media\/25370"}],"wp:attachment":[{"href":"https:\/\/asbhp.pl\/index.php?rest_route=%2Fwp%2Fv2%2Fmedia&parent=25368"}],"wp:term":[{"taxonomy":"product_brand","embeddable":true,"href":"https:\/\/asbhp.pl\/index.php?rest_route=%2Fwp%2Fv2%2Fproduct_brand&post=25368"},{"taxonomy":"product_cat","embeddable":true,"href":"https:\/\/asbhp.pl\/index.php?rest_route=%2Fwp%2Fv2%2Fproduct_cat&post=25368"},{"taxonomy":"product_tag","embeddable":true,"href":"https:\/\/asbhp.pl\/index.php?rest_route=%2Fwp%2Fv2%2Fproduct_tag&post=25368"}],"curies":[{"name":"wp","href":"https:\/\/api.w.org\/{rel}","templated":true}]}}