{"id":25383,"date":"2025-10-10T09:17:49","date_gmt":"2025-10-10T07:17:49","guid":{"rendered":"https:\/\/asbhp.pl\/produkt\/nauszniki-przeciwhalasowe-thor-d-stalco-perfect-s097178448\/"},"modified":"2025-10-10T09:17:53","modified_gmt":"2025-10-10T07:17:53","slug":"nauszniki-przeciwhalasowe-thor-d-stalco-perfect-s097178448","status":"publish","type":"product","link":"https:\/\/asbhp.pl\/?product=nauszniki-przeciwhalasowe-thor-d-stalco-perfect-s097178448","title":{"rendered":"Nauszniki przeciwha\u0142asowe THOR D STALCO PERFECT S097178448"},"content":{"rendered":"<ul>\n<li>T\u0142umienie ha\u0142asu do 34 dB<\/li>\n<li>Mocowanie na he\u0142m&nbsp;<\/li>\n<li>Trzystopniowy system ustawienia<\/li>\n<li>Obrotowe czasze ABS<\/li>\n<li>Mi\u0119kkie poduszki<\/li>\n<li>Stal nierdzewna w konstrukcji<\/li>\n<li>Ergonomiczne suwaki<\/li>\n<li>Wbudowana pianka akustyczna o wysokiej g\u0119sto\u015bci<\/li>\n<\/ul>\n","protected":false},"excerpt":{"rendered":"<p>T\u0142umienie ha\u0142asu do 34 dB Mocowanie na he\u0142m&nbsp; Trzystopniowy system ustawienia Obrotowe czasze ABS Mi\u0119kkie poduszki Stal nierdzewna w konstrukcji Ergonomiczne suwaki Wbudowana pianka akustyczna o wysokiej g\u0119sto\u015bci<\/p>\n","protected":false},"featured_media":25384,"comment_status":"closed","ping_status":"open","template":"","meta":[],"product_brand":[],"product_cat":[1017,1018,1016],"product_tag":[],"class_list":{"0":"post-25383","1":"product","2":"type-product","3":"status-publish","4":"has-post-thumbnail","6":"product_cat-nauszniki-przeciwhalasowe","7":"product_cat-nauszniki-przeciwhalasowe-na-palaku","8":"product_cat-ochrona-sluchu","9":"pa_waga-0-41","11":"first","12":"instock","13":"shipping-taxable","14":"purchasable","15":"product-type-simple"},"_links":{"self":[{"href":"https:\/\/asbhp.pl\/index.php?rest_route=\/wp\/v2\/product\/25383","targetHints":{"allow":["GET"]}}],"collection":[{"href":"https:\/\/asbhp.pl\/index.php?rest_route=\/wp\/v2\/product"}],"about":[{"href":"https:\/\/asbhp.pl\/index.php?rest_route=\/wp\/v2\/types\/product"}],"replies":[{"embeddable":true,"href":"https:\/\/asbhp.pl\/index.php?rest_route=%2Fwp%2Fv2%2Fcomments&post=25383"}],"wp:featuredmedia":[{"embeddable":true,"href":"https:\/\/asbhp.pl\/index.php?rest_route=\/wp\/v2\/media\/25384"}],"wp:attachment":[{"href":"https:\/\/asbhp.pl\/index.php?rest_route=%2Fwp%2Fv2%2Fmedia&parent=25383"}],"wp:term":[{"taxonomy":"product_brand","embeddable":true,"href":"https:\/\/asbhp.pl\/index.php?rest_route=%2Fwp%2Fv2%2Fproduct_brand&post=25383"},{"taxonomy":"product_cat","embeddable":true,"href":"https:\/\/asbhp.pl\/index.php?rest_route=%2Fwp%2Fv2%2Fproduct_cat&post=25383"},{"taxonomy":"product_tag","embeddable":true,"href":"https:\/\/asbhp.pl\/index.php?rest_route=%2Fwp%2Fv2%2Fproduct_tag&post=25383"}],"curies":[{"name":"wp","href":"https:\/\/api.w.org\/{rel}","templated":true}]}}