{"id":25385,"date":"2025-10-10T09:17:49","date_gmt":"2025-10-10T07:17:49","guid":{"rendered":"https:\/\/asbhp.pl\/produkt\/nauszniki-przeciwhalasowe-thor-stalco-perfect-s097178444\/"},"modified":"2025-10-10T09:17:53","modified_gmt":"2025-10-10T07:17:53","slug":"nauszniki-przeciwhalasowe-thor-stalco-perfect-s097178444","status":"publish","type":"product","link":"https:\/\/asbhp.pl\/?product=nauszniki-przeciwhalasowe-thor-stalco-perfect-s097178444","title":{"rendered":"Nauszniki przeciwha\u0142asowe THOR STALCO PERFECT S097178444"},"content":{"rendered":"<ul>\n<li>T\u0142umienie ha\u0142asu do 35 dB<\/li>\n<li>Podw\u00f3jny pa\u0142\u0105k na g\u0142ow\u0119 z TPE<\/li>\n<li>Obrotowe czasze ABS<\/li>\n<li>Mi\u0119kkie poduszki PU<\/li>\n<li>Teleskopowa metalowa konstrukcja<\/li>\n<li>Regulacja wysoko\u015bci<\/li>\n<li>Stal nierdzewna w konstrukcji<\/li>\n<li>Ergonomiczne suwaki<\/li>\n<li>Zwi\u0119kszona przestrze\u0144 wewn\u0119trzna<\/li>\n<li>Wbudowana pianka akustyczna o wysokiej g\u0119sto\u015bci<\/li>\n<li><\/li>\n<\/ul>\n","protected":false},"excerpt":{"rendered":"<p>T\u0142umienie ha\u0142asu do 35 dB Podw\u00f3jny pa\u0142\u0105k na g\u0142ow\u0119 z TPE Obrotowe czasze ABS Mi\u0119kkie poduszki PU Teleskopowa metalowa konstrukcja Regulacja wysoko\u015bci Stal nierdzewna w konstrukcji Ergonomiczne suwaki Zwi\u0119kszona przestrze\u0144 wewn\u0119trzna Wbudowana pianka akustyczna o wysokiej g\u0119sto\u015bci<\/p>\n","protected":false},"featured_media":25386,"comment_status":"closed","ping_status":"open","template":"","meta":[],"product_brand":[],"product_cat":[1017,1018,1016],"product_tag":[],"class_list":{"0":"post-25385","1":"product","2":"type-product","3":"status-publish","4":"has-post-thumbnail","6":"product_cat-nauszniki-przeciwhalasowe","7":"product_cat-nauszniki-przeciwhalasowe-na-palaku","8":"product_cat-ochrona-sluchu","9":"pa_waga-0-42","11":"first","12":"instock","13":"shipping-taxable","14":"purchasable","15":"product-type-simple"},"_links":{"self":[{"href":"https:\/\/asbhp.pl\/index.php?rest_route=\/wp\/v2\/product\/25385","targetHints":{"allow":["GET"]}}],"collection":[{"href":"https:\/\/asbhp.pl\/index.php?rest_route=\/wp\/v2\/product"}],"about":[{"href":"https:\/\/asbhp.pl\/index.php?rest_route=\/wp\/v2\/types\/product"}],"replies":[{"embeddable":true,"href":"https:\/\/asbhp.pl\/index.php?rest_route=%2Fwp%2Fv2%2Fcomments&post=25385"}],"wp:featuredmedia":[{"embeddable":true,"href":"https:\/\/asbhp.pl\/index.php?rest_route=\/wp\/v2\/media\/25386"}],"wp:attachment":[{"href":"https:\/\/asbhp.pl\/index.php?rest_route=%2Fwp%2Fv2%2Fmedia&parent=25385"}],"wp:term":[{"taxonomy":"product_brand","embeddable":true,"href":"https:\/\/asbhp.pl\/index.php?rest_route=%2Fwp%2Fv2%2Fproduct_brand&post=25385"},{"taxonomy":"product_cat","embeddable":true,"href":"https:\/\/asbhp.pl\/index.php?rest_route=%2Fwp%2Fv2%2Fproduct_cat&post=25385"},{"taxonomy":"product_tag","embeddable":true,"href":"https:\/\/asbhp.pl\/index.php?rest_route=%2Fwp%2Fv2%2Fproduct_tag&post=25385"}],"curies":[{"name":"wp","href":"https:\/\/api.w.org\/{rel}","templated":true}]}}