{"id":25387,"date":"2025-10-10T09:17:49","date_gmt":"2025-10-10T07:17:49","guid":{"rendered":"https:\/\/asbhp.pl\/produkt\/szelki-odblaskowe-reflekt-zolty-one-size-stalco-s091571501\/"},"modified":"2025-10-11T16:02:00","modified_gmt":"2025-10-11T14:02:00","slug":"szelki-odblaskowe-reflekt-zolty-one-size-stalco-s091571501","status":"publish","type":"product","link":"https:\/\/asbhp.pl\/?product=szelki-odblaskowe-reflekt-zolty-one-size-stalco-s091571501","title":{"rendered":"Szelki odblaskowe REFLEKT \u017c\u00f3\u0142ty ONE SIZE STALCO S091571501"},"content":{"rendered":"<ul>\n<li>odblaskowe elementy doskonale poprawiaj\u0105 widoczno\u015b\u0107<\/li>\n<li>nie kr\u0119puj\u0105 ruch\u00f3w<\/li>\n<li>du\u017cy zakres regulacji<\/li>\n<li>wytrzyma\u0142a klamra<\/li>\n<li>d\u0142ugo\u015b\u0107 ta\u015bmy gumowej w cz\u0119\u015bci ramiennej: od 69 do 103 cm<\/li>\n<li>d\u0142ugo\u015b\u0107 ta\u015bmy gumowej w pasie: od 72 do 105 cm<\/li>\n<li>szeroko\u015b\u0107 ta\u015bmy gumowej w pasie 3,8 cm<\/li>\n<li>szeroko\u015b\u0107 paska odblaskowego 1,4cm<\/li>\n<\/ul>\n","protected":false},"excerpt":{"rendered":"<p>odblaskowe elementy doskonale poprawiaj\u0105 widoczno\u015b\u0107 nie kr\u0119puj\u0105 ruch\u00f3w du\u017cy zakres regulacji wytrzyma\u0142a klamra d\u0142ugo\u015b\u0107 ta\u015bmy gumowej w cz\u0119\u015bci ramiennej: od 69 do 103 cm d\u0142ugo\u015b\u0107 ta\u015bmy gumowej w pasie: od 72 do 105 cm szeroko\u015b\u0107 ta\u015bmy gumowej w pasie 3,8 cm szeroko\u015b\u0107 paska odblaskowego 1,4cm<\/p>\n","protected":false},"featured_media":25388,"comment_status":"closed","ping_status":"closed","template":"","meta":[],"product_brand":[416],"product_cat":[785,440,794],"product_tag":[],"class_list":{"0":"post-25387","1":"product","2":"type-product","3":"status-publish","4":"has-post-thumbnail","6":"product_brand-stalco","7":"product_cat-akcesoria-odziezowe","8":"product_cat-odziez-robocza","9":"product_cat-szelki","11":"first","12":"instock","13":"shipping-taxable","14":"purchasable","15":"product-type-simple"},"_links":{"self":[{"href":"https:\/\/asbhp.pl\/index.php?rest_route=\/wp\/v2\/product\/25387","targetHints":{"allow":["GET"]}}],"collection":[{"href":"https:\/\/asbhp.pl\/index.php?rest_route=\/wp\/v2\/product"}],"about":[{"href":"https:\/\/asbhp.pl\/index.php?rest_route=\/wp\/v2\/types\/product"}],"replies":[{"embeddable":true,"href":"https:\/\/asbhp.pl\/index.php?rest_route=%2Fwp%2Fv2%2Fcomments&post=25387"}],"wp:featuredmedia":[{"embeddable":true,"href":"https:\/\/asbhp.pl\/index.php?rest_route=\/wp\/v2\/media\/25388"}],"wp:attachment":[{"href":"https:\/\/asbhp.pl\/index.php?rest_route=%2Fwp%2Fv2%2Fmedia&parent=25387"}],"wp:term":[{"taxonomy":"product_brand","embeddable":true,"href":"https:\/\/asbhp.pl\/index.php?rest_route=%2Fwp%2Fv2%2Fproduct_brand&post=25387"},{"taxonomy":"product_cat","embeddable":true,"href":"https:\/\/asbhp.pl\/index.php?rest_route=%2Fwp%2Fv2%2Fproduct_cat&post=25387"},{"taxonomy":"product_tag","embeddable":true,"href":"https:\/\/asbhp.pl\/index.php?rest_route=%2Fwp%2Fv2%2Fproduct_tag&post=25387"}],"curies":[{"name":"wp","href":"https:\/\/api.w.org\/{rel}","templated":true}]}}