{"id":25398,"date":"2025-10-10T09:17:49","date_gmt":"2025-10-10T07:17:49","guid":{"rendered":"https:\/\/asbhp.pl\/produkt\/10-xl\/"},"modified":"2025-10-10T09:17:56","modified_gmt":"2025-10-10T07:17:56","slug":"rekawice-skorzane-s-skin-fire-10-xl-stalco-perfect-s093357336","status":"publish","type":"product","link":"https:\/\/asbhp.pl\/?product=rekawice-skorzane-s-skin-fire-10-xl-stalco-perfect-s093357336","title":{"rendered":"R\u0119kawice sk\u00f3rzane S-SKIN FIRE 10\u201d-XL STALCO PERFECT S093357336"},"content":{"rendered":"<ul>\n<li>Profesjonalne zastosowanie&nbsp;&nbsp;<\/li>\n<li>Wzmocnione szwy z nici Kevlar&nbsp;<\/li>\n<li>D\u0142ugi mankiet<\/li>\n<li>Dodatkowe wzmocnienia konstrukcyjne&nbsp;<\/li>\n<li>Odporno\u015b\u0107 na przetarcia<\/li>\n<li>Odporno\u015b\u0107 na wysok\u0105 temperatur\u0119&nbsp;<\/li>\n<li>Konstrukcja typu A<\/li>\n<li>Podszewka wch\u0142aniaj\u0105ca wilgo\u0107&nbsp;<\/li>\n<li>Dwie&nbsp; podszewki z dzianiny typu fleece i tkaniny tekstylnej&nbsp;<\/li>\n<li>Ergonomiczna cz\u0119\u015b\u0107 chwytna d\u0142oni&nbsp;<\/li>\n<\/ul>\n<div><\/div>\n","protected":false},"excerpt":{"rendered":"<p>Profesjonalne zastosowanie&nbsp;&nbsp; Wzmocnione szwy z nici Kevlar&nbsp; D\u0142ugi mankiet Dodatkowe wzmocnienia konstrukcyjne&nbsp; Odporno\u015b\u0107 na przetarcia Odporno\u015b\u0107 na wysok\u0105 temperatur\u0119&nbsp; Konstrukcja typu A Podszewka wch\u0142aniaj\u0105ca wilgo\u0107&nbsp; Dwie&nbsp; podszewki z dzianiny typu fleece i tkaniny tekstylnej&nbsp; Ergonomiczna cz\u0119\u015b\u0107 chwytna d\u0142oni&nbsp;<\/p>\n","protected":false},"featured_media":0,"comment_status":"closed","ping_status":"open","template":"","meta":[],"product_brand":[],"product_cat":[97,979,989],"product_tag":[],"class_list":{"0":"post-25398","1":"product","2":"type-product","3":"status-publish","5":"product_cat-rekawice","6":"product_cat-rekawice-skorzane","7":"product_cat-rekawice-skorzane-spawalnicze","9":"first","10":"instock","11":"shipping-taxable","12":"purchasable","13":"product-type-simple"},"_links":{"self":[{"href":"https:\/\/asbhp.pl\/index.php?rest_route=\/wp\/v2\/product\/25398","targetHints":{"allow":["GET"]}}],"collection":[{"href":"https:\/\/asbhp.pl\/index.php?rest_route=\/wp\/v2\/product"}],"about":[{"href":"https:\/\/asbhp.pl\/index.php?rest_route=\/wp\/v2\/types\/product"}],"replies":[{"embeddable":true,"href":"https:\/\/asbhp.pl\/index.php?rest_route=%2Fwp%2Fv2%2Fcomments&post=25398"}],"wp:attachment":[{"href":"https:\/\/asbhp.pl\/index.php?rest_route=%2Fwp%2Fv2%2Fmedia&parent=25398"}],"wp:term":[{"taxonomy":"product_brand","embeddable":true,"href":"https:\/\/asbhp.pl\/index.php?rest_route=%2Fwp%2Fv2%2Fproduct_brand&post=25398"},{"taxonomy":"product_cat","embeddable":true,"href":"https:\/\/asbhp.pl\/index.php?rest_route=%2Fwp%2Fv2%2Fproduct_cat&post=25398"},{"taxonomy":"product_tag","embeddable":true,"href":"https:\/\/asbhp.pl\/index.php?rest_route=%2Fwp%2Fv2%2Fproduct_tag&post=25398"}],"curies":[{"name":"wp","href":"https:\/\/api.w.org\/{rel}","templated":true}]}}