{"id":25409,"date":"2025-10-10T09:17:49","date_gmt":"2025-10-10T07:17:49","guid":{"rendered":"https:\/\/asbhp.pl\/produkt\/kalosz-kuller-s5-stalco-perfect\/"},"modified":"2025-10-10T09:17:57","modified_gmt":"2025-10-10T07:17:57","slug":"37-2","status":"publish","type":"product","link":"https:\/\/asbhp.pl\/?product=37-2","title":{"rendered":"37"},"content":{"rendered":"<p>\u2022<span style=\"white-space:pre\">\t<\/span>Metalowy podnosek<\/p>\n<p>\u2022<span style=\"white-space:pre\">\t<\/span>Wk\u0142adka antyprzebiciowa<\/p>\n<p>\u2022<span style=\"white-space:pre\">\t<\/span>Zabudowana pi\u0119ta<\/p>\n<p>\u2022<span style=\"white-space:pre\">\t<\/span>Urze\u017abiona podeszwa i profilowany bie\u017cnik<\/p>\n<p>\u2022<span style=\"white-space:pre\">\t<\/span>Antystatyczno\u015b\u0107<\/p>\n<p>\u2022<span style=\"white-space:pre\">\t<\/span>Absorpcja energii w cz\u0119\u015bci pi\u0119towej<\/p>\n<p>\u2022<span style=\"white-space:pre\">\t<\/span>Obuwie ca\u0142otworzywowe<\/p>\n","protected":false},"excerpt":{"rendered":"<p>\u2022 Metalowy podnosek \u2022 Wk\u0142adka antyprzebiciowa \u2022 Zabudowana pi\u0119ta \u2022 Urze\u017abiona podeszwa i profilowany bie\u017cnik \u2022 Antystatyczno\u015b\u0107 \u2022 Absorpcja energii w cz\u0119\u015bci pi\u0119towej \u2022 Obuwie ca\u0142otworzywowe<\/p>\n","protected":false},"featured_media":25411,"comment_status":"closed","ping_status":"open","template":"","meta":[],"product_brand":[],"product_cat":[405,21],"product_tag":[],"class_list":{"0":"post-25409","1":"product","2":"type-product","3":"status-publish","4":"has-post-thumbnail","6":"product_cat-kalosze","7":"product_cat-obuwie-robocze","9":"first","10":"instock","11":"shipping-taxable","12":"purchasable","13":"product-type-simple"},"_links":{"self":[{"href":"https:\/\/asbhp.pl\/index.php?rest_route=\/wp\/v2\/product\/25409","targetHints":{"allow":["GET"]}}],"collection":[{"href":"https:\/\/asbhp.pl\/index.php?rest_route=\/wp\/v2\/product"}],"about":[{"href":"https:\/\/asbhp.pl\/index.php?rest_route=\/wp\/v2\/types\/product"}],"replies":[{"embeddable":true,"href":"https:\/\/asbhp.pl\/index.php?rest_route=%2Fwp%2Fv2%2Fcomments&post=25409"}],"wp:featuredmedia":[{"embeddable":true,"href":"https:\/\/asbhp.pl\/index.php?rest_route=\/wp\/v2\/media\/25411"}],"wp:attachment":[{"href":"https:\/\/asbhp.pl\/index.php?rest_route=%2Fwp%2Fv2%2Fmedia&parent=25409"}],"wp:term":[{"taxonomy":"product_brand","embeddable":true,"href":"https:\/\/asbhp.pl\/index.php?rest_route=%2Fwp%2Fv2%2Fproduct_brand&post=25409"},{"taxonomy":"product_cat","embeddable":true,"href":"https:\/\/asbhp.pl\/index.php?rest_route=%2Fwp%2Fv2%2Fproduct_cat&post=25409"},{"taxonomy":"product_tag","embeddable":true,"href":"https:\/\/asbhp.pl\/index.php?rest_route=%2Fwp%2Fv2%2Fproduct_tag&post=25409"}],"curies":[{"name":"wp","href":"https:\/\/api.w.org\/{rel}","templated":true}]}}