{"id":25458,"date":"2025-10-10T09:17:58","date_gmt":"2025-10-10T07:17:58","guid":{"rendered":"https:\/\/asbhp.pl\/produkt\/rekawice-poliestrowe-kids-stalco\/"},"modified":"2025-11-07T16:53:58","modified_gmt":"2025-11-07T15:53:58","slug":"3","status":"publish","type":"product","link":"https:\/\/asbhp.pl\/?product=3","title":{"rendered":"R\u0119kawice powlekane lateksem 3\u201d"},"content":{"rendered":"<ul>\n<li><span style=\"font-size: 13px;\">Pow\u0142oka lateksowa<\/span><\/li>\n<li><span style=\"font-size: 13px;\">\u015aci\u0105gacz o splocie waflowym<\/span><\/li>\n<li><span style=\"font-size: 13px;\">Oddychaj\u0105cy materia\u0142<\/span><\/li>\n<li><span style=\"font-size: 13px;\">Odporno\u015b\u0107 na \u015bcieranie i rozdarcia\u00a0<\/span><\/li>\n<li><span style=\"font-size: 13px;\">Elastyczno\u015b\u0107<\/span><\/li>\n<li><span style=\"font-size: 13px;\">Dopasowanie do dzieci\u0119cych d\u0142on<\/span><\/li>\n<\/ul>\n","protected":false},"excerpt":{"rendered":"<p>R\u0119kawice powlekane lateksem 3\u201d<\/p>\n","protected":false},"featured_media":25460,"comment_status":"closed","ping_status":"closed","template":"","meta":[],"product_brand":[],"product_cat":[97,946,947],"product_tag":[],"class_list":{"0":"post-25458","1":"product","2":"type-product","3":"status-publish","4":"has-post-thumbnail","6":"product_cat-rekawice","7":"product_cat-rekawice-powlekane","8":"product_cat-rekawice-powlekane-lateksem","10":"first","11":"instock","12":"shipping-taxable","13":"purchasable","14":"product-type-simple"},"_links":{"self":[{"href":"https:\/\/asbhp.pl\/index.php?rest_route=\/wp\/v2\/product\/25458","targetHints":{"allow":["GET"]}}],"collection":[{"href":"https:\/\/asbhp.pl\/index.php?rest_route=\/wp\/v2\/product"}],"about":[{"href":"https:\/\/asbhp.pl\/index.php?rest_route=\/wp\/v2\/types\/product"}],"replies":[{"embeddable":true,"href":"https:\/\/asbhp.pl\/index.php?rest_route=%2Fwp%2Fv2%2Fcomments&post=25458"}],"wp:featuredmedia":[{"embeddable":true,"href":"https:\/\/asbhp.pl\/index.php?rest_route=\/wp\/v2\/media\/25460"}],"wp:attachment":[{"href":"https:\/\/asbhp.pl\/index.php?rest_route=%2Fwp%2Fv2%2Fmedia&parent=25458"}],"wp:term":[{"taxonomy":"product_brand","embeddable":true,"href":"https:\/\/asbhp.pl\/index.php?rest_route=%2Fwp%2Fv2%2Fproduct_brand&post=25458"},{"taxonomy":"product_cat","embeddable":true,"href":"https:\/\/asbhp.pl\/index.php?rest_route=%2Fwp%2Fv2%2Fproduct_cat&post=25458"},{"taxonomy":"product_tag","embeddable":true,"href":"https:\/\/asbhp.pl\/index.php?rest_route=%2Fwp%2Fv2%2Fproduct_tag&post=25458"}],"curies":[{"name":"wp","href":"https:\/\/api.w.org\/{rel}","templated":true}]}}