{"id":25462,"date":"2025-10-10T09:17:58","date_gmt":"2025-10-10T07:17:58","guid":{"rendered":"https:\/\/asbhp.pl\/produkt\/4\/"},"modified":"2025-10-10T09:18:05","modified_gmt":"2025-10-10T07:18:05","slug":"rekawice-poliestrowe-kids-4-s093247294-stalco-garden","status":"publish","type":"product","link":"https:\/\/asbhp.pl\/?product=rekawice-poliestrowe-kids-4-s093247294-stalco-garden","title":{"rendered":"R\u0118KAWICE POLIESTROWE  &#8220;KID&#8217;S&#8221;  4&#8243;  S093247294 STALCO GARDEN"},"content":{"rendered":"<ul>\n<li>Pow\u0142oka lateksowa&nbsp;<\/li>\n<li>\u015aci\u0105gacz o splocie waflowy .<\/li>\n<li>Oddychaj\u0105ce<\/li>\n<li>Pewny chwyt&nbsp;<\/li>\n<li>Odporno\u015b\u0107 na \u015bcieranie<\/li>\n<li>Odporno\u015b\u0107 na rozdarcia<\/li>\n<li>Elastyczne<\/li>\n<\/ul>\n","protected":false},"excerpt":{"rendered":"<p>Pow\u0142oka lateksowa&nbsp; \u015aci\u0105gacz o splocie waflowy . Oddychaj\u0105ce Pewny chwyt&nbsp; Odporno\u015b\u0107 na \u015bcieranie Odporno\u015b\u0107 na rozdarcia Elastyczne<\/p>\n","protected":false},"featured_media":0,"comment_status":"closed","ping_status":"open","template":"","meta":[],"product_brand":[],"product_cat":[97,946,947],"product_tag":[],"class_list":{"0":"post-25462","1":"product","2":"type-product","3":"status-publish","5":"product_cat-rekawice","6":"product_cat-rekawice-powlekane","7":"product_cat-rekawice-powlekane-lateksem","8":"pa_waga-0-03","10":"first","11":"instock","12":"shipping-taxable","13":"purchasable","14":"product-type-simple"},"_links":{"self":[{"href":"https:\/\/asbhp.pl\/index.php?rest_route=\/wp\/v2\/product\/25462","targetHints":{"allow":["GET"]}}],"collection":[{"href":"https:\/\/asbhp.pl\/index.php?rest_route=\/wp\/v2\/product"}],"about":[{"href":"https:\/\/asbhp.pl\/index.php?rest_route=\/wp\/v2\/types\/product"}],"replies":[{"embeddable":true,"href":"https:\/\/asbhp.pl\/index.php?rest_route=%2Fwp%2Fv2%2Fcomments&post=25462"}],"wp:attachment":[{"href":"https:\/\/asbhp.pl\/index.php?rest_route=%2Fwp%2Fv2%2Fmedia&parent=25462"}],"wp:term":[{"taxonomy":"product_brand","embeddable":true,"href":"https:\/\/asbhp.pl\/index.php?rest_route=%2Fwp%2Fv2%2Fproduct_brand&post=25462"},{"taxonomy":"product_cat","embeddable":true,"href":"https:\/\/asbhp.pl\/index.php?rest_route=%2Fwp%2Fv2%2Fproduct_cat&post=25462"},{"taxonomy":"product_tag","embeddable":true,"href":"https:\/\/asbhp.pl\/index.php?rest_route=%2Fwp%2Fv2%2Fproduct_tag&post=25462"}],"curies":[{"name":"wp","href":"https:\/\/api.w.org\/{rel}","templated":true}]}}