{"id":25652,"date":"2025-10-10T09:18:28","date_gmt":"2025-10-10T07:18:28","guid":{"rendered":"https:\/\/asbhp.pl\/produkt\/3xl-granatowy-2\/"},"modified":"2025-10-10T09:18:30","modified_gmt":"2025-10-10T07:18:30","slug":"bluza-meska-pora-granatowy-3xl-stalco-s-44470","status":"publish","type":"product","link":"https:\/\/asbhp.pl\/?product=bluza-meska-pora-granatowy-3xl-stalco-s-44470","title":{"rendered":"Bluza m\u0119ska PORA granatowy 3XL STALCO S-44470"},"content":{"rendered":"<ul>\n<li>bawe\u0142niana dziania dresowa\n<li>uniwersalny kr\u00f3j\n<li>kaptur ze sznurkiem\n<li>r\u0119kawy zako\u0144czone mankietem ze \u015bci\u0105gacza\n<li>masywny, kostkowy zamek\n<li>2 kieszenie typu kangurek\n<li>d\u00f3\u0142 zako\u0144czony \u015bci\u0105gaczem<\/ul>\n","protected":false},"excerpt":{"rendered":"<p>bawe\u0142niana dziania dresowa uniwersalny kr\u00f3j kaptur ze sznurkiem r\u0119kawy zako\u0144czone mankietem ze \u015bci\u0105gacza masywny, kostkowy zamek 2 kieszenie typu kangurek d\u00f3\u0142 zako\u0144czony \u015bci\u0105gaczem<\/p>\n","protected":false},"featured_media":0,"comment_status":"closed","ping_status":"open","template":"","meta":[],"product_brand":[],"product_cat":[571,597,440],"product_tag":[],"class_list":{"0":"post-25652","1":"product","2":"type-product","3":"status-publish","5":"product_cat-bluzy-robocze","6":"product_cat-bluzy-robocze-z-kapturem","7":"product_cat-odziez-robocza","8":"pa_waga-0-84","10":"first","11":"instock","12":"shipping-taxable","13":"purchasable","14":"product-type-simple"},"_links":{"self":[{"href":"https:\/\/asbhp.pl\/index.php?rest_route=\/wp\/v2\/product\/25652","targetHints":{"allow":["GET"]}}],"collection":[{"href":"https:\/\/asbhp.pl\/index.php?rest_route=\/wp\/v2\/product"}],"about":[{"href":"https:\/\/asbhp.pl\/index.php?rest_route=\/wp\/v2\/types\/product"}],"replies":[{"embeddable":true,"href":"https:\/\/asbhp.pl\/index.php?rest_route=%2Fwp%2Fv2%2Fcomments&post=25652"}],"wp:attachment":[{"href":"https:\/\/asbhp.pl\/index.php?rest_route=%2Fwp%2Fv2%2Fmedia&parent=25652"}],"wp:term":[{"taxonomy":"product_brand","embeddable":true,"href":"https:\/\/asbhp.pl\/index.php?rest_route=%2Fwp%2Fv2%2Fproduct_brand&post=25652"},{"taxonomy":"product_cat","embeddable":true,"href":"https:\/\/asbhp.pl\/index.php?rest_route=%2Fwp%2Fv2%2Fproduct_cat&post=25652"},{"taxonomy":"product_tag","embeddable":true,"href":"https:\/\/asbhp.pl\/index.php?rest_route=%2Fwp%2Fv2%2Fproduct_tag&post=25652"}],"curies":[{"name":"wp","href":"https:\/\/api.w.org\/{rel}","templated":true}]}}