{"id":2616,"date":"2019-09-24T20:59:16","date_gmt":"2019-09-24T18:59:16","guid":{"rendered":"http:\/\/www.asbhp.pl\/produkt\/helm-ochronny-wentylowany-stylu-girskim\/"},"modified":"2025-10-11T22:11:26","modified_gmt":"2025-10-11T20:11:26","slug":"helm-ochronny-wentylowany-stylu-girskim","status":"publish","type":"product","link":"https:\/\/asbhp.pl\/?product=helm-ochronny-wentylowany-stylu-girskim","title":{"rendered":"HE\u0141M OCHRONNY WENTYLOWANY &#8211; STYLU G\u00d3RSKIM"},"content":{"rendered":"","protected":false},"excerpt":{"rendered":"<p>HE\u0141M OCHRONNY WENTYLOWANY &#8211; STYLU G\u00d3RSKIM<\/p>\n","protected":false},"featured_media":2617,"comment_status":"closed","ping_status":"closed","template":"","meta":[],"product_brand":[],"product_cat":[994,993],"product_tag":[106],"class_list":{"0":"post-2616","1":"product","2":"type-product","3":"status-publish","4":"has-post-thumbnail","6":"product_cat-helmy-2","7":"product_cat-ochrona-glowy-i-twarzy","8":"product_tag-deltaplus","10":"first","11":"instock","12":"purchasable","13":"product-type-simple"},"_links":{"self":[{"href":"https:\/\/asbhp.pl\/index.php?rest_route=\/wp\/v2\/product\/2616","targetHints":{"allow":["GET"]}}],"collection":[{"href":"https:\/\/asbhp.pl\/index.php?rest_route=\/wp\/v2\/product"}],"about":[{"href":"https:\/\/asbhp.pl\/index.php?rest_route=\/wp\/v2\/types\/product"}],"replies":[{"embeddable":true,"href":"https:\/\/asbhp.pl\/index.php?rest_route=%2Fwp%2Fv2%2Fcomments&post=2616"}],"wp:featuredmedia":[{"embeddable":true,"href":"https:\/\/asbhp.pl\/index.php?rest_route=\/wp\/v2\/media\/2617"}],"wp:attachment":[{"href":"https:\/\/asbhp.pl\/index.php?rest_route=%2Fwp%2Fv2%2Fmedia&parent=2616"}],"wp:term":[{"taxonomy":"product_brand","embeddable":true,"href":"https:\/\/asbhp.pl\/index.php?rest_route=%2Fwp%2Fv2%2Fproduct_brand&post=2616"},{"taxonomy":"product_cat","embeddable":true,"href":"https:\/\/asbhp.pl\/index.php?rest_route=%2Fwp%2Fv2%2Fproduct_cat&post=2616"},{"taxonomy":"product_tag","embeddable":true,"href":"https:\/\/asbhp.pl\/index.php?rest_route=%2Fwp%2Fv2%2Fproduct_tag&post=2616"}],"curies":[{"name":"wp","href":"https:\/\/api.w.org\/{rel}","templated":true}]}}