{"id":2713,"date":"2019-09-24T21:01:08","date_gmt":"2019-09-24T19:01:08","guid":{"rendered":"http:\/\/www.asbhp.pl\/produkt\/poliw%c2%a2glanowa-nakuadka-na-okulary-ar-uv400\/"},"modified":"2019-10-05T22:03:43","modified_gmt":"2019-10-05T20:03:43","slug":"poliw%c2%a2glanowa-nakuadka-na-okulary-ar-uv400","status":"publish","type":"product","link":"https:\/\/asbhp.pl\/?product=poliw%c2%a2glanowa-nakuadka-na-okulary-ar-uv400","title":{"rendered":"POLIW\u0118GLANOWA NAK\u0141ADKA NA OKULARY &#8211; AR &#8211; UV400"},"content":{"rendered":"","protected":false},"excerpt":{"rendered":"<p>POLIW\u0118GLANOWA NAK\u0141ADKA NA OKULARY &#8211; AR &#8211; UV400<\/p>\n","protected":false},"featured_media":2714,"comment_status":"closed","ping_status":"closed","template":"","meta":[],"product_brand":[],"product_cat":[59],"product_tag":[106],"class_list":{"0":"post-2713","1":"product","2":"type-product","3":"status-publish","4":"has-post-thumbnail","6":"product_cat-ochrona-glowy","7":"product_tag-deltaplus","9":"first","10":"instock","11":"purchasable","12":"product-type-simple"},"_links":{"self":[{"href":"https:\/\/asbhp.pl\/index.php?rest_route=\/wp\/v2\/product\/2713","targetHints":{"allow":["GET"]}}],"collection":[{"href":"https:\/\/asbhp.pl\/index.php?rest_route=\/wp\/v2\/product"}],"about":[{"href":"https:\/\/asbhp.pl\/index.php?rest_route=\/wp\/v2\/types\/product"}],"replies":[{"embeddable":true,"href":"https:\/\/asbhp.pl\/index.php?rest_route=%2Fwp%2Fv2%2Fcomments&post=2713"}],"wp:featuredmedia":[{"embeddable":true,"href":"https:\/\/asbhp.pl\/index.php?rest_route=\/wp\/v2\/media\/2714"}],"wp:attachment":[{"href":"https:\/\/asbhp.pl\/index.php?rest_route=%2Fwp%2Fv2%2Fmedia&parent=2713"}],"wp:term":[{"taxonomy":"product_brand","embeddable":true,"href":"https:\/\/asbhp.pl\/index.php?rest_route=%2Fwp%2Fv2%2Fproduct_brand&post=2713"},{"taxonomy":"product_cat","embeddable":true,"href":"https:\/\/asbhp.pl\/index.php?rest_route=%2Fwp%2Fv2%2Fproduct_cat&post=2713"},{"taxonomy":"product_tag","embeddable":true,"href":"https:\/\/asbhp.pl\/index.php?rest_route=%2Fwp%2Fv2%2Fproduct_tag&post=2713"}],"curies":[{"name":"wp","href":"https:\/\/api.w.org\/{rel}","templated":true}]}}