{"id":2947,"date":"2019-09-24T21:03:39","date_gmt":"2019-09-24T19:03:39","guid":{"rendered":"http:\/\/www.asbhp.pl\/produkt\/r%c2%a2kawica-z-wuikna-kevlar%c2%a8-odporna-na-gor%c2%84co-250c-z-mankietem\/"},"modified":"2025-10-11T21:21:17","modified_gmt":"2025-10-11T19:21:17","slug":"r%c2%a2kawica-z-wuikna-kevlar%c2%a8-odporna-na-gor%c2%84co-250c-z-mankietem","status":"publish","type":"product","link":"https:\/\/asbhp.pl\/?product=r%c2%a2kawica-z-wuikna-kevlar%c2%a8-odporna-na-gor%c2%84co-250c-z-mankietem","title":{"rendered":"R\u0118KAWICA Z W\u0141\u00d3KNA KEVLAR\u00a8 ODPORNA NA GOR\u0104CO 250\u00a1C Z MANKIETEM"},"content":{"rendered":"","protected":false},"excerpt":{"rendered":"<p>R\u0118KAWICA Z W\u0141\u00d3KNA KEVLAR\u00a8 ODPORNA NA GOR\u0104CO 250\u00a1C Z MANKIETEM<\/p>\n","protected":false},"featured_media":2948,"comment_status":"closed","ping_status":"closed","template":"","meta":[],"product_brand":[],"product_cat":[97,424],"product_tag":[106],"class_list":{"0":"post-2947","1":"product","2":"type-product","3":"status-publish","4":"has-post-thumbnail","6":"product_cat-rekawice","7":"product_cat-rekawice-ochronne","8":"product_tag-deltaplus","10":"first","11":"instock","12":"purchasable","13":"product-type-simple"},"_links":{"self":[{"href":"https:\/\/asbhp.pl\/index.php?rest_route=\/wp\/v2\/product\/2947","targetHints":{"allow":["GET"]}}],"collection":[{"href":"https:\/\/asbhp.pl\/index.php?rest_route=\/wp\/v2\/product"}],"about":[{"href":"https:\/\/asbhp.pl\/index.php?rest_route=\/wp\/v2\/types\/product"}],"replies":[{"embeddable":true,"href":"https:\/\/asbhp.pl\/index.php?rest_route=%2Fwp%2Fv2%2Fcomments&post=2947"}],"wp:featuredmedia":[{"embeddable":true,"href":"https:\/\/asbhp.pl\/index.php?rest_route=\/wp\/v2\/media\/2948"}],"wp:attachment":[{"href":"https:\/\/asbhp.pl\/index.php?rest_route=%2Fwp%2Fv2%2Fmedia&parent=2947"}],"wp:term":[{"taxonomy":"product_brand","embeddable":true,"href":"https:\/\/asbhp.pl\/index.php?rest_route=%2Fwp%2Fv2%2Fproduct_brand&post=2947"},{"taxonomy":"product_cat","embeddable":true,"href":"https:\/\/asbhp.pl\/index.php?rest_route=%2Fwp%2Fv2%2Fproduct_cat&post=2947"},{"taxonomy":"product_tag","embeddable":true,"href":"https:\/\/asbhp.pl\/index.php?rest_route=%2Fwp%2Fv2%2Fproduct_tag&post=2947"}],"curies":[{"name":"wp","href":"https:\/\/api.w.org\/{rel}","templated":true}]}}