{"id":304,"date":"2025-04-05T18:16:08","date_gmt":"2025-04-05T16:16:08","guid":{"rendered":"http:\/\/www.asbhp.pl\/produkt\/polbut-zamsz-s1-src\/"},"modified":"2025-06-14T18:28:54","modified_gmt":"2025-06-14T16:28:54","slug":"polbut-zamsz-s1-src","status":"publish","type":"product","link":"https:\/\/asbhp.pl\/?product=polbut-zamsz-s1-src","title":{"rendered":"P\u00d3\u0141BUT ZAMSZ S1 SRC"},"content":{"rendered":"<p>p\u00f3\u0142but,<\/p>\n<p>&nbsp;<\/p>\n<p>Zost\u0119pne warianty:<\/p>\n","protected":false},"excerpt":{"rendered":"<p>p\u00f3\u0142but, &nbsp; Zost\u0119pne warianty:<\/p>\n","protected":false},"featured_media":305,"comment_status":"closed","ping_status":"closed","template":"","meta":[],"product_brand":[413],"product_cat":[21,46],"product_tag":[408],"class_list":{"0":"post-304","1":"product","2":"type-product","3":"status-publish","4":"has-post-thumbnail","6":"product_brand-polstar","7":"product_cat-obuwie-robocze","8":"product_cat-polbuty","9":"product_tag-polstar-holding-woloszczuk-sp-k","11":"first","12":"instock","13":"purchasable","14":"product-type-simple"},"_links":{"self":[{"href":"https:\/\/asbhp.pl\/index.php?rest_route=\/wp\/v2\/product\/304","targetHints":{"allow":["GET"]}}],"collection":[{"href":"https:\/\/asbhp.pl\/index.php?rest_route=\/wp\/v2\/product"}],"about":[{"href":"https:\/\/asbhp.pl\/index.php?rest_route=\/wp\/v2\/types\/product"}],"replies":[{"embeddable":true,"href":"https:\/\/asbhp.pl\/index.php?rest_route=%2Fwp%2Fv2%2Fcomments&post=304"}],"wp:featuredmedia":[{"embeddable":true,"href":"https:\/\/asbhp.pl\/index.php?rest_route=\/wp\/v2\/media\/305"}],"wp:attachment":[{"href":"https:\/\/asbhp.pl\/index.php?rest_route=%2Fwp%2Fv2%2Fmedia&parent=304"}],"wp:term":[{"taxonomy":"product_brand","embeddable":true,"href":"https:\/\/asbhp.pl\/index.php?rest_route=%2Fwp%2Fv2%2Fproduct_brand&post=304"},{"taxonomy":"product_cat","embeddable":true,"href":"https:\/\/asbhp.pl\/index.php?rest_route=%2Fwp%2Fv2%2Fproduct_cat&post=304"},{"taxonomy":"product_tag","embeddable":true,"href":"https:\/\/asbhp.pl\/index.php?rest_route=%2Fwp%2Fv2%2Fproduct_tag&post=304"}],"curies":[{"name":"wp","href":"https:\/\/api.w.org\/{rel}","templated":true}]}}