{"id":3150,"date":"2019-09-24T21:06:14","date_gmt":"2019-09-24T19:06:14","guid":{"rendered":"http:\/\/www.asbhp.pl\/produkt\/okulary-dla-goaci-z-poliw%c2%a2glanu\/"},"modified":"2025-10-11T22:23:46","modified_gmt":"2025-10-11T20:23:46","slug":"okulary-dla-goaci-z-poliw%c2%a2glanu","status":"publish","type":"product","link":"https:\/\/asbhp.pl\/?product=okulary-dla-goaci-z-poliw%c2%a2glanu","title":{"rendered":"OKULARY DLA GO\u015aCI Z POLIW\u0118GLANU"},"content":{"rendered":"","protected":false},"excerpt":{"rendered":"<p>OKULARY DLA GO\u015aCI Z POLIW\u0118GLANU<\/p>\n","protected":false},"featured_media":3151,"comment_status":"closed","ping_status":"closed","template":"","meta":[],"product_brand":[],"product_cat":[73,90],"product_tag":[106],"class_list":{"0":"post-3150","1":"product","2":"type-product","3":"status-publish","4":"has-post-thumbnail","6":"product_cat-ochrona-wzroku","7":"product_cat-okulary-ochronne","8":"product_tag-deltaplus","10":"first","11":"instock","12":"purchasable","13":"product-type-simple"},"_links":{"self":[{"href":"https:\/\/asbhp.pl\/index.php?rest_route=\/wp\/v2\/product\/3150","targetHints":{"allow":["GET"]}}],"collection":[{"href":"https:\/\/asbhp.pl\/index.php?rest_route=\/wp\/v2\/product"}],"about":[{"href":"https:\/\/asbhp.pl\/index.php?rest_route=\/wp\/v2\/types\/product"}],"replies":[{"embeddable":true,"href":"https:\/\/asbhp.pl\/index.php?rest_route=%2Fwp%2Fv2%2Fcomments&post=3150"}],"wp:featuredmedia":[{"embeddable":true,"href":"https:\/\/asbhp.pl\/index.php?rest_route=\/wp\/v2\/media\/3151"}],"wp:attachment":[{"href":"https:\/\/asbhp.pl\/index.php?rest_route=%2Fwp%2Fv2%2Fmedia&parent=3150"}],"wp:term":[{"taxonomy":"product_brand","embeddable":true,"href":"https:\/\/asbhp.pl\/index.php?rest_route=%2Fwp%2Fv2%2Fproduct_brand&post=3150"},{"taxonomy":"product_cat","embeddable":true,"href":"https:\/\/asbhp.pl\/index.php?rest_route=%2Fwp%2Fv2%2Fproduct_cat&post=3150"},{"taxonomy":"product_tag","embeddable":true,"href":"https:\/\/asbhp.pl\/index.php?rest_route=%2Fwp%2Fv2%2Fproduct_tag&post=3150"}],"curies":[{"name":"wp","href":"https:\/\/api.w.org\/{rel}","templated":true}]}}