{"id":3333,"date":"2019-09-24T21:09:19","date_gmt":"2019-09-24T19:09:19","guid":{"rendered":"http:\/\/www.asbhp.pl\/produkt\/zestaw-2-piumasek-ffp2-z-zaworem\/"},"modified":"2025-10-11T22:29:23","modified_gmt":"2025-10-11T20:29:23","slug":"zestaw-2-piumasek-ffp2-z-zaworem","status":"publish","type":"product","link":"https:\/\/asbhp.pl\/?product=zestaw-2-piumasek-ffp2-z-zaworem","title":{"rendered":"ZESTAW 2 P\u00d3\u0141MASEK FFP2 Z ZAWOREM"},"content":{"rendered":"","protected":false},"excerpt":{"rendered":"<p>ZESTAW 2 P\u00d3\u0141MASEK FFP2 Z ZAWOREM<\/p>\n","protected":false},"featured_media":3334,"comment_status":"closed","ping_status":"closed","template":"","meta":[],"product_brand":[],"product_cat":[999,1001],"product_tag":[106],"class_list":{"0":"post-3333","1":"product","2":"type-product","3":"status-publish","4":"has-post-thumbnail","6":"product_cat-ochrona-drog-oddechowych","7":"product_cat-polmaski-filtrujace-krotkiego-uzytku","8":"product_tag-deltaplus","10":"first","11":"instock","12":"purchasable","13":"product-type-simple"},"_links":{"self":[{"href":"https:\/\/asbhp.pl\/index.php?rest_route=\/wp\/v2\/product\/3333","targetHints":{"allow":["GET"]}}],"collection":[{"href":"https:\/\/asbhp.pl\/index.php?rest_route=\/wp\/v2\/product"}],"about":[{"href":"https:\/\/asbhp.pl\/index.php?rest_route=\/wp\/v2\/types\/product"}],"replies":[{"embeddable":true,"href":"https:\/\/asbhp.pl\/index.php?rest_route=%2Fwp%2Fv2%2Fcomments&post=3333"}],"wp:featuredmedia":[{"embeddable":true,"href":"https:\/\/asbhp.pl\/index.php?rest_route=\/wp\/v2\/media\/3334"}],"wp:attachment":[{"href":"https:\/\/asbhp.pl\/index.php?rest_route=%2Fwp%2Fv2%2Fmedia&parent=3333"}],"wp:term":[{"taxonomy":"product_brand","embeddable":true,"href":"https:\/\/asbhp.pl\/index.php?rest_route=%2Fwp%2Fv2%2Fproduct_brand&post=3333"},{"taxonomy":"product_cat","embeddable":true,"href":"https:\/\/asbhp.pl\/index.php?rest_route=%2Fwp%2Fv2%2Fproduct_cat&post=3333"},{"taxonomy":"product_tag","embeddable":true,"href":"https:\/\/asbhp.pl\/index.php?rest_route=%2Fwp%2Fv2%2Fproduct_tag&post=3333"}],"curies":[{"name":"wp","href":"https:\/\/api.w.org\/{rel}","templated":true}]}}